{"id":965,"date":"2025-10-29T13:38:11","date_gmt":"2025-10-29T13:38:11","guid":{"rendered":"https:\/\/louisegaudelette.com\/?page_id=965"},"modified":"2025-11-07T12:07:57","modified_gmt":"2025-11-07T12:07:57","slug":"skila","status":"publish","type":"page","link":"https:\/\/louisegaudelette.com\/index.php\/skila\/","title":{"rendered":"Skila"},"content":{"rendered":"\t\t<div data-elementor-type=\"wp-page\" data-elementor-id=\"965\" class=\"elementor elementor-965\">\n\t\t\t\t<div class=\"elementor-element elementor-element-78f2ccaa e-flex e-con-boxed e-con e-parent\" data-id=\"78f2ccaa\" data-element_type=\"container\" data-e-type=\"container\">\n\t\t\t\t\t<div class=\"e-con-inner\">\n\t\t\t\t<div class=\"elementor-element elementor-element-38145a1b elementor-widget elementor-widget-image\" data-id=\"38145a1b\" data-element_type=\"widget\" data-e-type=\"widget\" data-widget_type=\"image.default\">\n\t\t\t\t\t\t\t\t\t\t\t\t\t\t\t<img fetchpriority=\"high\" decoding=\"async\" width=\"1024\" height=\"160\" src=\"https:\/\/louisegaudelette.com\/wp-content\/uploads\/2025\/10\/bandeau-skila-1-1024x160.webp\" class=\"attachment-large size-large wp-image-971\" alt=\"\" srcset=\"https:\/\/louisegaudelette.com\/wp-content\/uploads\/2025\/10\/bandeau-skila-1-1024x160.webp 1024w, https:\/\/louisegaudelette.com\/wp-content\/uploads\/2025\/10\/bandeau-skila-1-300x47.webp 300w, https:\/\/louisegaudelette.com\/wp-content\/uploads\/2025\/10\/bandeau-skila-1-768x120.webp 768w, https:\/\/louisegaudelette.com\/wp-content\/uploads\/2025\/10\/bandeau-skila-1-1536x240.webp 1536w, https:\/\/louisegaudelette.com\/wp-content\/uploads\/2025\/10\/bandeau-skila-1.webp 1920w\" sizes=\"(max-width: 1024px) 100vw, 1024px\" \/>\t\t\t\t\t\t\t\t\t\t\t\t\t\t\t<\/div>\n\t\t\t\t\t<\/div>\n\t\t\t\t<\/div>\n\t\t<div class=\"elementor-element elementor-element-2b296c5c e-flex e-con-boxed e-con e-parent\" data-id=\"2b296c5c\" data-element_type=\"container\" data-e-type=\"container\">\n\t\t\t\t\t<div class=\"e-con-inner\">\n\t\t<div class=\"elementor-element elementor-element-4baeb075 e-con-full e-flex e-con e-child\" data-id=\"4baeb075\" data-element_type=\"container\" data-e-type=\"container\">\n\t\t\t\t<div class=\"elementor-element elementor-element-21dca367 elementor-widget elementor-widget-image\" data-id=\"21dca367\" data-element_type=\"widget\" data-e-type=\"widget\" data-widget_type=\"image.default\">\n\t\t\t\t\t\t\t\t\t\t\t\t\t\t\t<img decoding=\"async\" width=\"1024\" height=\"925\" src=\"https:\/\/louisegaudelette.com\/wp-content\/uploads\/2025\/10\/infos-skila-1024x925.webp\" class=\"attachment-large size-large wp-image-975\" alt=\"\" srcset=\"https:\/\/louisegaudelette.com\/wp-content\/uploads\/2025\/10\/infos-skila-1024x925.webp 1024w, https:\/\/louisegaudelette.com\/wp-content\/uploads\/2025\/10\/infos-skila-300x271.webp 300w, https:\/\/louisegaudelette.com\/wp-content\/uploads\/2025\/10\/infos-skila-768x693.webp 768w, https:\/\/louisegaudelette.com\/wp-content\/uploads\/2025\/10\/infos-skila-1536x1387.webp 1536w, https:\/\/louisegaudelette.com\/wp-content\/uploads\/2025\/10\/infos-skila.webp 1946w\" sizes=\"(max-width: 1024px) 100vw, 1024px\" \/>\t\t\t\t\t\t\t\t\t\t\t\t\t\t\t<\/div>\n\t\t\t\t<\/div>\n\t\t<div class=\"elementor-element elementor-element-4008916c e-con-full e-flex e-con e-child\" data-id=\"4008916c\" data-element_type=\"container\" data-e-type=\"container\">\n\t\t\t\t<div class=\"elementor-element elementor-element-6a5b046e elementor-widget elementor-widget-text-editor\" data-id=\"6a5b046e\" data-element_type=\"widget\" data-e-type=\"widget\" data-widget_type=\"text-editor.default\">\n\t\t\t\t\t\t\t\t\t<p>J\u2019ai \u00e9t\u00e9 engag\u00e9e par In\u00e8s Mahjoub pour concevoir les affiches de son exposition photographique, r\u00e9alis\u00e9e en collaboration avec la marque d\u2019\u00e9charpes en soie Skila. L\u2019exposition s\u2019est tenue en Tunisie.<\/p><p>Chaque photographie y est associ\u00e9e \u00e0 une cr\u00e9ation de la marque, mettant en valeur l\u2019h\u00e9ritage et le savoir-faire de Mahdia.<br \/>Une exploration artistique o\u00f9 photographie et tissage se rencontrent, capturant la lumi\u00e8re et les teintes des paysages mahdois.<\/p>\t\t\t\t\t\t\t\t<\/div>\n\t\t\t\t<\/div>\n\t\t\t\t\t<\/div>\n\t\t\t\t<\/div>\n\t\t<div class=\"elementor-element elementor-element-5450af97 e-flex e-con-boxed e-con e-parent\" data-id=\"5450af97\" data-element_type=\"container\" data-e-type=\"container\">\n\t\t\t\t\t<div class=\"e-con-inner\">\n\t\t\t\t<div class=\"elementor-element elementor-element-535af4c elementor-widget elementor-widget-image\" data-id=\"535af4c\" data-element_type=\"widget\" data-e-type=\"widget\" data-widget_type=\"image.default\">\n\t\t\t\t\t\t\t\t\t\t\t\t\t\t\t<img decoding=\"async\" width=\"1024\" height=\"684\" src=\"https:\/\/louisegaudelette.com\/wp-content\/uploads\/2025\/10\/affiches-1024x684.webp\" class=\"attachment-large size-large wp-image-980\" alt=\"\" srcset=\"https:\/\/louisegaudelette.com\/wp-content\/uploads\/2025\/10\/affiches-1024x684.webp 1024w, https:\/\/louisegaudelette.com\/wp-content\/uploads\/2025\/10\/affiches-300x200.webp 300w, https:\/\/louisegaudelette.com\/wp-content\/uploads\/2025\/10\/affiches-768x513.webp 768w, https:\/\/louisegaudelette.com\/wp-content\/uploads\/2025\/10\/affiches-1536x1026.webp 1536w, https:\/\/louisegaudelette.com\/wp-content\/uploads\/2025\/10\/affiches.webp 1920w\" sizes=\"(max-width: 1024px) 100vw, 1024px\" \/>\t\t\t\t\t\t\t\t\t\t\t\t\t\t\t<\/div>\n\t\t\t\t\t<\/div>\n\t\t\t\t<\/div>\n\t\t<div class=\"elementor-element elementor-element-4537e52a e-flex e-con-boxed e-con e-parent\" data-id=\"4537e52a\" data-element_type=\"container\" data-e-type=\"container\">\n\t\t\t\t\t<div class=\"e-con-inner\">\n\t\t\t\t<div class=\"elementor-element elementor-element-770b897a elementor-widget elementor-widget-image\" data-id=\"770b897a\" data-element_type=\"widget\" data-e-type=\"widget\" data-widget_type=\"image.default\">\n\t\t\t\t\t\t\t\t\t\t\t\t\t\t\t<img loading=\"lazy\" decoding=\"async\" width=\"1024\" height=\"576\" src=\"https:\/\/louisegaudelette.com\/wp-content\/uploads\/2025\/10\/photos1-1-1024x576.webp\" class=\"attachment-large size-large wp-image-983\" alt=\"\" srcset=\"https:\/\/louisegaudelette.com\/wp-content\/uploads\/2025\/10\/photos1-1-1024x576.webp 1024w, https:\/\/louisegaudelette.com\/wp-content\/uploads\/2025\/10\/photos1-1-300x169.webp 300w, https:\/\/louisegaudelette.com\/wp-content\/uploads\/2025\/10\/photos1-1-768x432.webp 768w, https:\/\/louisegaudelette.com\/wp-content\/uploads\/2025\/10\/photos1-1-1536x864.webp 1536w, https:\/\/louisegaudelette.com\/wp-content\/uploads\/2025\/10\/photos1-1.webp 1920w\" sizes=\"(max-width: 1024px) 100vw, 1024px\" \/>\t\t\t\t\t\t\t\t\t\t\t\t\t\t\t<\/div>\n\t\t\t\t\t<\/div>\n\t\t\t\t<\/div>\n\t\t<div class=\"elementor-element elementor-element-7a9572a4 e-flex e-con-boxed e-con e-parent\" data-id=\"7a9572a4\" data-element_type=\"container\" data-e-type=\"container\">\n\t\t\t\t\t<div class=\"e-con-inner\">\n\t\t\t\t<div class=\"elementor-element elementor-element-8cf9104 elementor-widget elementor-widget-image\" data-id=\"8cf9104\" data-element_type=\"widget\" data-e-type=\"widget\" data-widget_type=\"image.default\">\n\t\t\t\t\t\t\t\t\t\t\t\t\t\t\t<img loading=\"lazy\" decoding=\"async\" width=\"1024\" height=\"576\" src=\"https:\/\/louisegaudelette.com\/wp-content\/uploads\/2025\/10\/photos2-1024x576.webp\" class=\"attachment-large size-large wp-image-984\" alt=\"\" srcset=\"https:\/\/louisegaudelette.com\/wp-content\/uploads\/2025\/10\/photos2-1024x576.webp 1024w, https:\/\/louisegaudelette.com\/wp-content\/uploads\/2025\/10\/photos2-300x169.webp 300w, https:\/\/louisegaudelette.com\/wp-content\/uploads\/2025\/10\/photos2-768x432.webp 768w, https:\/\/louisegaudelette.com\/wp-content\/uploads\/2025\/10\/photos2-1536x864.webp 1536w, https:\/\/louisegaudelette.com\/wp-content\/uploads\/2025\/10\/photos2.webp 1920w\" sizes=\"(max-width: 1024px) 100vw, 1024px\" \/>\t\t\t\t\t\t\t\t\t\t\t\t\t\t\t<\/div>\n\t\t\t\t\t<\/div>\n\t\t\t\t<\/div>\n\t\t<div class=\"elementor-element elementor-element-5fcddd65 e-flex e-con-boxed e-con e-parent\" data-id=\"5fcddd65\" data-element_type=\"container\" data-e-type=\"container\">\n\t\t\t\t\t<div class=\"e-con-inner\">\n\t\t\t\t<div class=\"elementor-element elementor-element-5ba29a5 elementor-align-center elementor-widget__width-auto e-transform elementor-widget elementor-widget-button\" data-id=\"5ba29a5\" data-element_type=\"widget\" data-e-type=\"widget\" data-settings=\"{&quot;_transform_scale_effect_mobile&quot;:{&quot;unit&quot;:&quot;px&quot;,&quot;size&quot;:0.8,&quot;sizes&quot;:[]},&quot;_transform_scale_effect&quot;:{&quot;unit&quot;:&quot;px&quot;,&quot;size&quot;:&quot;&quot;,&quot;sizes&quot;:[]},&quot;_transform_scale_effect_tablet&quot;:{&quot;unit&quot;:&quot;px&quot;,&quot;size&quot;:&quot;&quot;,&quot;sizes&quot;:[]}}\" data-widget_type=\"button.default\">\n\t\t\t\t\t\t\t\t\t\t<a class=\"elementor-button elementor-button-link elementor-size-sm\" href=\"https:\/\/louisegaudelette.com\/index.php\/portfolio\/\">\n\t\t\t\t\t\t<span class=\"elementor-button-content-wrapper\">\n\t\t\t\t\t\t\t\t\t<span class=\"elementor-button-text\">Retour<\/span>\n\t\t\t\t\t<\/span>\n\t\t\t\t\t<\/a>\n\t\t\t\t\t\t\t\t<\/div>\n\t\t\t\t\t<\/div>\n\t\t\t\t<\/div>\n\t\t\t\t<\/div>\n\t\t","protected":false},"excerpt":{"rendered":"<p>J\u2019ai \u00e9t\u00e9 engag\u00e9e par In\u00e8s Mahjoub pour concevoir les affiches de son exposition photographique, r\u00e9alis\u00e9e en collaboration avec la marque [&hellip;]<\/p>\n","protected":false},"author":1,"featured_media":0,"parent":0,"menu_order":0,"comment_status":"closed","ping_status":"closed","template":"","meta":{"site-sidebar-layout":"no-sidebar","site-content-layout":"","ast-site-content-layout":"full-width-container","site-content-style":"default","site-sidebar-style":"default","ast-global-header-display":"","ast-banner-title-visibility":"","ast-main-header-display":"","ast-hfb-above-header-display":"","ast-hfb-below-header-display":"","ast-hfb-mobile-header-display":"","site-post-title":"disabled","ast-breadcrumbs-content":"","ast-featured-img":"disabled","footer-sml-layout":"","theme-transparent-header-meta":"","adv-header-id-meta":"","stick-header-meta":"","header-above-stick-meta":"","header-main-stick-meta":"","header-below-stick-meta":"","astra-migrate-meta-layouts":"default","ast-page-background-enabled":"default","ast-page-background-meta":{"desktop":{"background-color":"var(--ast-global-color-5)","background-image":"","background-repeat":"repeat","background-position":"center center","background-size":"auto","background-attachment":"scroll","background-type":"","background-media":"","overlay-type":"","overlay-color":"","overlay-opacity":"","overlay-gradient":""},"tablet":{"background-color":"","background-image":"","background-repeat":"repeat","background-position":"center center","background-size":"auto","background-attachment":"scroll","background-type":"","background-media":"","overlay-type":"","overlay-color":"","overlay-opacity":"","overlay-gradient":""},"mobile":{"background-color":"","background-image":"","background-repeat":"repeat","background-position":"center center","background-size":"auto","background-attachment":"scroll","background-type":"","background-media":"","overlay-type":"","overlay-color":"","overlay-opacity":"","overlay-gradient":""}},"ast-content-background-meta":{"desktop":{"background-color":"var(--ast-global-color-4)","background-image":"","background-repeat":"repeat","background-position":"center center","background-size":"auto","background-attachment":"scroll","background-type":"","background-media":"","overlay-type":"","overlay-color":"","overlay-opacity":"","overlay-gradient":""},"tablet":{"background-color":"var(--ast-global-color-4)","background-image":"","background-repeat":"repeat","background-position":"center center","background-size":"auto","background-attachment":"scroll","background-type":"","background-media":"","overlay-type":"","overlay-color":"","overlay-opacity":"","overlay-gradient":""},"mobile":{"background-color":"var(--ast-global-color-4)","background-image":"","background-repeat":"repeat","background-position":"center center","background-size":"auto","background-attachment":"scroll","background-type":"","background-media":"","overlay-type":"","overlay-color":"","overlay-opacity":"","overlay-gradient":""}},"footnotes":""},"class_list":["post-965","page","type-page","status-publish","hentry"],"_links":{"self":[{"href":"https:\/\/louisegaudelette.com\/index.php\/wp-json\/wp\/v2\/pages\/965","targetHints":{"allow":["GET"]}}],"collection":[{"href":"https:\/\/louisegaudelette.com\/index.php\/wp-json\/wp\/v2\/pages"}],"about":[{"href":"https:\/\/louisegaudelette.com\/index.php\/wp-json\/wp\/v2\/types\/page"}],"author":[{"embeddable":true,"href":"https:\/\/louisegaudelette.com\/index.php\/wp-json\/wp\/v2\/users\/1"}],"replies":[{"embeddable":true,"href":"https:\/\/louisegaudelette.com\/index.php\/wp-json\/wp\/v2\/comments?post=965"}],"version-history":[{"count":19,"href":"https:\/\/louisegaudelette.com\/index.php\/wp-json\/wp\/v2\/pages\/965\/revisions"}],"predecessor-version":[{"id":1474,"href":"https:\/\/louisegaudelette.com\/index.php\/wp-json\/wp\/v2\/pages\/965\/revisions\/1474"}],"wp:attachment":[{"href":"https:\/\/louisegaudelette.com\/index.php\/wp-json\/wp\/v2\/media?parent=965"}],"curies":[{"name":"wp","href":"https:\/\/api.w.org\/{rel}","templated":true}]}}