{"id":937,"date":"2025-10-29T11:02:19","date_gmt":"2025-10-29T11:02:19","guid":{"rendered":"https:\/\/louisegaudelette.com\/?page_id=937"},"modified":"2025-11-07T12:05:41","modified_gmt":"2025-11-07T12:05:41","slug":"rencontres-darcheologie-de-la-narbonnaise","status":"publish","type":"page","link":"https:\/\/louisegaudelette.com\/index.php\/rencontres-darcheologie-de-la-narbonnaise\/","title":{"rendered":"Rencontres d&rsquo;Arch\u00e9ologie de la Narbonnaise"},"content":{"rendered":"\t\t<div data-elementor-type=\"wp-page\" data-elementor-id=\"937\" class=\"elementor elementor-937\">\n\t\t\t\t<div class=\"elementor-element elementor-element-3397d8b7 e-flex e-con-boxed e-con e-parent\" data-id=\"3397d8b7\" data-element_type=\"container\" data-e-type=\"container\">\n\t\t\t\t\t<div class=\"e-con-inner\">\n\t\t\t\t<div class=\"elementor-element elementor-element-40bded36 elementor-widget elementor-widget-image\" data-id=\"40bded36\" data-element_type=\"widget\" data-e-type=\"widget\" data-widget_type=\"image.default\">\n\t\t\t\t\t\t\t\t\t\t\t\t\t\t\t<img fetchpriority=\"high\" decoding=\"async\" width=\"1024\" height=\"160\" src=\"https:\/\/louisegaudelette.com\/wp-content\/uploads\/2025\/10\/bandeau-ran-1-1024x160.webp\" class=\"attachment-large size-large wp-image-940\" alt=\"\" srcset=\"https:\/\/louisegaudelette.com\/wp-content\/uploads\/2025\/10\/bandeau-ran-1-1024x160.webp 1024w, https:\/\/louisegaudelette.com\/wp-content\/uploads\/2025\/10\/bandeau-ran-1-300x47.webp 300w, https:\/\/louisegaudelette.com\/wp-content\/uploads\/2025\/10\/bandeau-ran-1-768x120.webp 768w, https:\/\/louisegaudelette.com\/wp-content\/uploads\/2025\/10\/bandeau-ran-1-1536x240.webp 1536w, https:\/\/louisegaudelette.com\/wp-content\/uploads\/2025\/10\/bandeau-ran-1.webp 1920w\" sizes=\"(max-width: 1024px) 100vw, 1024px\" \/>\t\t\t\t\t\t\t\t\t\t\t\t\t\t\t<\/div>\n\t\t\t\t\t<\/div>\n\t\t\t\t<\/div>\n\t\t<div class=\"elementor-element elementor-element-3d656bcd e-flex e-con-boxed e-con e-parent\" data-id=\"3d656bcd\" data-element_type=\"container\" data-e-type=\"container\">\n\t\t\t\t\t<div class=\"e-con-inner\">\n\t\t<div class=\"elementor-element elementor-element-485b6eec e-con-full e-flex e-con e-child\" data-id=\"485b6eec\" data-element_type=\"container\" data-e-type=\"container\">\n\t\t\t\t<div class=\"elementor-element elementor-element-6218cd90 elementor-widget elementor-widget-image\" data-id=\"6218cd90\" data-element_type=\"widget\" data-e-type=\"widget\" data-widget_type=\"image.default\">\n\t\t\t\t\t\t\t\t\t\t\t\t\t\t\t<img decoding=\"async\" width=\"1024\" height=\"790\" src=\"https:\/\/louisegaudelette.com\/wp-content\/uploads\/2025\/10\/infos-ran-1024x790.webp\" class=\"attachment-large size-large wp-image-941\" alt=\"\" srcset=\"https:\/\/louisegaudelette.com\/wp-content\/uploads\/2025\/10\/infos-ran-1024x790.webp 1024w, https:\/\/louisegaudelette.com\/wp-content\/uploads\/2025\/10\/infos-ran-300x232.webp 300w, https:\/\/louisegaudelette.com\/wp-content\/uploads\/2025\/10\/infos-ran-768x593.webp 768w, https:\/\/louisegaudelette.com\/wp-content\/uploads\/2025\/10\/infos-ran-1536x1186.webp 1536w, https:\/\/louisegaudelette.com\/wp-content\/uploads\/2025\/10\/infos-ran.webp 1946w\" sizes=\"(max-width: 1024px) 100vw, 1024px\" \/>\t\t\t\t\t\t\t\t\t\t\t\t\t\t\t<\/div>\n\t\t\t\t<\/div>\n\t\t<div class=\"elementor-element elementor-element-3661d54f e-con-full e-flex e-con e-child\" data-id=\"3661d54f\" data-element_type=\"container\" data-e-type=\"container\">\n\t\t\t\t<div class=\"elementor-element elementor-element-367927f5 elementor-widget elementor-widget-text-editor\" data-id=\"367927f5\" data-element_type=\"widget\" data-e-type=\"widget\" data-widget_type=\"text-editor.default\">\n\t\t\t\t\t\t\t\t\t<p>Durant mon alternance au sein de l\u2019agence de communication Ba\u00ef-Bao, j\u2019ai particip\u00e9 \u00e0 la conception des supports de communication et du visuel cl\u00e9 de la 11\u1d49 \u00e9dition des Rencontres d\u2019Arch\u00e9ologie de la Narbonnaise (RAN).<\/p><p>Depuis 2013, les RAN rassemblent chaque ann\u00e9e plusieurs \u00e9v\u00e9nements mettant en valeur la cr\u00e9ation audiovisuelle, litt\u00e9raire et artistique autour de l\u2019arch\u00e9ologie.<\/p><p>\u00c0 partir de l\u2019illustration du dragon, issue de la bande dessin\u00e9e Le Chevalier au Dragon (Tanzillo &amp; Arioli), j\u2019ai r\u00e9alis\u00e9 le montage graphique principal de l\u2019\u00e9dition. J\u2019ai \u00e9galement con\u00e7u la mise en page de la brochure distribu\u00e9e lors du festival ainsi que la cr\u00e9ation de l\u2019ensemble des supports imprim\u00e9s de l\u2019\u00e9v\u00e9nement.<\/p>\t\t\t\t\t\t\t\t<\/div>\n\t\t\t\t<\/div>\n\t\t\t\t\t<\/div>\n\t\t\t\t<\/div>\n\t\t<div class=\"elementor-element elementor-element-6c8de7a e-flex e-con-boxed e-con e-parent\" data-id=\"6c8de7a\" data-element_type=\"container\" data-e-type=\"container\">\n\t\t\t\t\t<div class=\"e-con-inner\">\n\t\t\t\t<div class=\"elementor-element elementor-element-eb3360e elementor-widget elementor-widget-image\" data-id=\"eb3360e\" data-element_type=\"widget\" data-e-type=\"widget\" data-widget_type=\"image.default\">\n\t\t\t\t\t\t\t\t\t\t\t\t\t\t\t<img decoding=\"async\" width=\"1024\" height=\"598\" src=\"https:\/\/louisegaudelette.com\/wp-content\/uploads\/2025\/10\/1-2-1024x598.webp\" class=\"attachment-large size-large wp-image-949\" alt=\"\" srcset=\"https:\/\/louisegaudelette.com\/wp-content\/uploads\/2025\/10\/1-2-1024x598.webp 1024w, https:\/\/louisegaudelette.com\/wp-content\/uploads\/2025\/10\/1-2-300x175.webp 300w, https:\/\/louisegaudelette.com\/wp-content\/uploads\/2025\/10\/1-2-768x448.webp 768w, https:\/\/louisegaudelette.com\/wp-content\/uploads\/2025\/10\/1-2-1536x897.webp 1536w, https:\/\/louisegaudelette.com\/wp-content\/uploads\/2025\/10\/1-2.webp 1920w\" sizes=\"(max-width: 1024px) 100vw, 1024px\" \/>\t\t\t\t\t\t\t\t\t\t\t\t\t\t\t<\/div>\n\t\t\t\t\t<\/div>\n\t\t\t\t<\/div>\n\t\t<div class=\"elementor-element elementor-element-3471ff3 e-flex e-con-boxed e-con e-parent\" data-id=\"3471ff3\" data-element_type=\"container\" data-e-type=\"container\">\n\t\t\t\t\t<div class=\"e-con-inner\">\n\t\t\t\t<div class=\"elementor-element elementor-element-1252d67 elementor-widget elementor-widget-image\" data-id=\"1252d67\" data-element_type=\"widget\" data-e-type=\"widget\" data-widget_type=\"image.default\">\n\t\t\t\t\t\t\t\t\t\t\t\t\t\t\t<img loading=\"lazy\" decoding=\"async\" width=\"1024\" height=\"471\" src=\"https:\/\/louisegaudelette.com\/wp-content\/uploads\/2025\/10\/2-1-1024x471.webp\" class=\"attachment-large size-large wp-image-953\" alt=\"\" srcset=\"https:\/\/louisegaudelette.com\/wp-content\/uploads\/2025\/10\/2-1-1024x471.webp 1024w, https:\/\/louisegaudelette.com\/wp-content\/uploads\/2025\/10\/2-1-300x138.webp 300w, https:\/\/louisegaudelette.com\/wp-content\/uploads\/2025\/10\/2-1-768x353.webp 768w, https:\/\/louisegaudelette.com\/wp-content\/uploads\/2025\/10\/2-1-1536x706.webp 1536w, https:\/\/louisegaudelette.com\/wp-content\/uploads\/2025\/10\/2-1.webp 1920w\" sizes=\"(max-width: 1024px) 100vw, 1024px\" \/>\t\t\t\t\t\t\t\t\t\t\t\t\t\t\t<\/div>\n\t\t\t\t\t<\/div>\n\t\t\t\t<\/div>\n\t\t<div class=\"elementor-element elementor-element-32e9331a e-flex e-con-boxed e-con e-parent\" data-id=\"32e9331a\" data-element_type=\"container\" data-e-type=\"container\">\n\t\t\t\t\t<div class=\"e-con-inner\">\n\t\t\t\t<div class=\"elementor-element elementor-element-1f8e34b8 elementor-widget elementor-widget-image\" data-id=\"1f8e34b8\" data-element_type=\"widget\" data-e-type=\"widget\" data-widget_type=\"image.default\">\n\t\t\t\t\t\t\t\t\t\t\t\t\t\t\t<img loading=\"lazy\" decoding=\"async\" width=\"1024\" height=\"526\" src=\"https:\/\/louisegaudelette.com\/wp-content\/uploads\/2025\/10\/3-1-1024x526.webp\" class=\"attachment-large size-large wp-image-955\" alt=\"\" srcset=\"https:\/\/louisegaudelette.com\/wp-content\/uploads\/2025\/10\/3-1-1024x526.webp 1024w, https:\/\/louisegaudelette.com\/wp-content\/uploads\/2025\/10\/3-1-300x154.webp 300w, https:\/\/louisegaudelette.com\/wp-content\/uploads\/2025\/10\/3-1-768x394.webp 768w, https:\/\/louisegaudelette.com\/wp-content\/uploads\/2025\/10\/3-1-1536x789.webp 1536w, https:\/\/louisegaudelette.com\/wp-content\/uploads\/2025\/10\/3-1.webp 1920w\" sizes=\"(max-width: 1024px) 100vw, 1024px\" \/>\t\t\t\t\t\t\t\t\t\t\t\t\t\t\t<\/div>\n\t\t\t\t\t<\/div>\n\t\t\t\t<\/div>\n\t\t<div class=\"elementor-element elementor-element-4edea326 e-flex e-con-boxed e-con e-parent\" data-id=\"4edea326\" data-element_type=\"container\" data-e-type=\"container\">\n\t\t\t\t\t<div class=\"e-con-inner\">\n\t\t\t\t<div class=\"elementor-element elementor-element-2dcde435 elementor-widget elementor-widget-image\" data-id=\"2dcde435\" data-element_type=\"widget\" data-e-type=\"widget\" data-widget_type=\"image.default\">\n\t\t\t\t\t\t\t\t\t\t\t\t\t\t\t<img loading=\"lazy\" decoding=\"async\" width=\"1024\" height=\"621\" src=\"https:\/\/louisegaudelette.com\/wp-content\/uploads\/2025\/10\/4-1-1024x621.webp\" class=\"attachment-large size-large wp-image-956\" alt=\"\" srcset=\"https:\/\/louisegaudelette.com\/wp-content\/uploads\/2025\/10\/4-1-1024x621.webp 1024w, https:\/\/louisegaudelette.com\/wp-content\/uploads\/2025\/10\/4-1-300x182.webp 300w, https:\/\/louisegaudelette.com\/wp-content\/uploads\/2025\/10\/4-1-768x466.webp 768w, https:\/\/louisegaudelette.com\/wp-content\/uploads\/2025\/10\/4-1-1536x932.webp 1536w, https:\/\/louisegaudelette.com\/wp-content\/uploads\/2025\/10\/4-1.webp 1920w\" sizes=\"(max-width: 1024px) 100vw, 1024px\" \/>\t\t\t\t\t\t\t\t\t\t\t\t\t\t\t<\/div>\n\t\t\t\t\t<\/div>\n\t\t\t\t<\/div>\n\t\t<div class=\"elementor-element elementor-element-6e8f04d2 e-flex e-con-boxed e-con e-parent\" data-id=\"6e8f04d2\" data-element_type=\"container\" data-e-type=\"container\">\n\t\t\t\t\t<div class=\"e-con-inner\">\n\t\t\t\t<div class=\"elementor-element elementor-element-1c5353b7 elementor-widget elementor-widget-image\" data-id=\"1c5353b7\" data-element_type=\"widget\" data-e-type=\"widget\" data-widget_type=\"image.default\">\n\t\t\t\t\t\t\t\t\t\t\t\t\t\t\t<img loading=\"lazy\" decoding=\"async\" width=\"1024\" height=\"418\" src=\"https:\/\/louisegaudelette.com\/wp-content\/uploads\/2025\/10\/montage-1-1024x418.webp\" class=\"attachment-large size-large wp-image-957\" alt=\"\" srcset=\"https:\/\/louisegaudelette.com\/wp-content\/uploads\/2025\/10\/montage-1-1024x418.webp 1024w, https:\/\/louisegaudelette.com\/wp-content\/uploads\/2025\/10\/montage-1-300x123.webp 300w, https:\/\/louisegaudelette.com\/wp-content\/uploads\/2025\/10\/montage-1-768x314.webp 768w, https:\/\/louisegaudelette.com\/wp-content\/uploads\/2025\/10\/montage-1-1536x627.webp 1536w, https:\/\/louisegaudelette.com\/wp-content\/uploads\/2025\/10\/montage-1.webp 1920w\" sizes=\"(max-width: 1024px) 100vw, 1024px\" \/>\t\t\t\t\t\t\t\t\t\t\t\t\t\t\t<\/div>\n\t\t\t\t\t<\/div>\n\t\t\t\t<\/div>\n\t\t<div class=\"elementor-element elementor-element-93c2568 e-flex e-con-boxed e-con e-parent\" data-id=\"93c2568\" data-element_type=\"container\" data-e-type=\"container\">\n\t\t\t\t\t<div class=\"e-con-inner\">\n\t\t\t\t<div class=\"elementor-element elementor-element-08ff99a elementor-widget elementor-widget-image\" data-id=\"08ff99a\" data-element_type=\"widget\" data-e-type=\"widget\" data-widget_type=\"image.default\">\n\t\t\t\t\t\t\t\t\t\t\t\t\t\t\t<img loading=\"lazy\" decoding=\"async\" width=\"1024\" height=\"418\" src=\"https:\/\/louisegaudelette.com\/wp-content\/uploads\/2025\/10\/montage-2-1024x418.webp\" class=\"attachment-large size-large wp-image-958\" alt=\"\" srcset=\"https:\/\/louisegaudelette.com\/wp-content\/uploads\/2025\/10\/montage-2-1024x418.webp 1024w, https:\/\/louisegaudelette.com\/wp-content\/uploads\/2025\/10\/montage-2-300x123.webp 300w, https:\/\/louisegaudelette.com\/wp-content\/uploads\/2025\/10\/montage-2-768x314.webp 768w, https:\/\/louisegaudelette.com\/wp-content\/uploads\/2025\/10\/montage-2-1536x627.webp 1536w, https:\/\/louisegaudelette.com\/wp-content\/uploads\/2025\/10\/montage-2.webp 1920w\" sizes=\"(max-width: 1024px) 100vw, 1024px\" \/>\t\t\t\t\t\t\t\t\t\t\t\t\t\t\t<\/div>\n\t\t\t\t\t<\/div>\n\t\t\t\t<\/div>\n\t\t<div class=\"elementor-element elementor-element-5acd2580 e-flex e-con-boxed e-con e-parent\" data-id=\"5acd2580\" data-element_type=\"container\" data-e-type=\"container\">\n\t\t\t\t\t<div class=\"e-con-inner\">\n\t\t\t\t<div class=\"elementor-element elementor-element-28b0f1f7 elementor-align-center elementor-widget__width-auto e-transform elementor-widget elementor-widget-button\" data-id=\"28b0f1f7\" data-element_type=\"widget\" data-e-type=\"widget\" data-settings=\"{&quot;_transform_scale_effect_mobile&quot;:{&quot;unit&quot;:&quot;px&quot;,&quot;size&quot;:0.8,&quot;sizes&quot;:[]},&quot;_transform_scale_effect&quot;:{&quot;unit&quot;:&quot;px&quot;,&quot;size&quot;:&quot;&quot;,&quot;sizes&quot;:[]},&quot;_transform_scale_effect_tablet&quot;:{&quot;unit&quot;:&quot;px&quot;,&quot;size&quot;:&quot;&quot;,&quot;sizes&quot;:[]}}\" data-widget_type=\"button.default\">\n\t\t\t\t\t\t\t\t\t\t<a class=\"elementor-button elementor-button-link elementor-size-sm\" href=\"https:\/\/louisegaudelette.com\/index.php\/portfolio\/\">\n\t\t\t\t\t\t<span class=\"elementor-button-content-wrapper\">\n\t\t\t\t\t\t\t\t\t<span class=\"elementor-button-text\">Retour<\/span>\n\t\t\t\t\t<\/span>\n\t\t\t\t\t<\/a>\n\t\t\t\t\t\t\t\t<\/div>\n\t\t\t\t\t<\/div>\n\t\t\t\t<\/div>\n\t\t\t\t<\/div>\n\t\t","protected":false},"excerpt":{"rendered":"<p>Durant mon alternance au sein de l\u2019agence de communication Ba\u00ef-Bao, j\u2019ai particip\u00e9 \u00e0 la conception des supports de communication et [&hellip;]<\/p>\n","protected":false},"author":1,"featured_media":0,"parent":0,"menu_order":0,"comment_status":"closed","ping_status":"closed","template":"","meta":{"site-sidebar-layout":"no-sidebar","site-content-layout":"","ast-site-content-layout":"full-width-container","site-content-style":"default","site-sidebar-style":"default","ast-global-header-display":"","ast-banner-title-visibility":"","ast-main-header-display":"","ast-hfb-above-header-display":"","ast-hfb-below-header-display":"","ast-hfb-mobile-header-display":"","site-post-title":"disabled","ast-breadcrumbs-content":"","ast-featured-img":"disabled","footer-sml-layout":"","theme-transparent-header-meta":"","adv-header-id-meta":"","stick-header-meta":"","header-above-stick-meta":"","header-main-stick-meta":"","header-below-stick-meta":"","astra-migrate-meta-layouts":"default","ast-page-background-enabled":"default","ast-page-background-meta":{"desktop":{"background-color":"var(--ast-global-color-5)","background-image":"","background-repeat":"repeat","background-position":"center center","background-size":"auto","background-attachment":"scroll","background-type":"","background-media":"","overlay-type":"","overlay-color":"","overlay-opacity":"","overlay-gradient":""},"tablet":{"background-color":"","background-image":"","background-repeat":"repeat","background-position":"center center","background-size":"auto","background-attachment":"scroll","background-type":"","background-media":"","overlay-type":"","overlay-color":"","overlay-opacity":"","overlay-gradient":""},"mobile":{"background-color":"","background-image":"","background-repeat":"repeat","background-position":"center center","background-size":"auto","background-attachment":"scroll","background-type":"","background-media":"","overlay-type":"","overlay-color":"","overlay-opacity":"","overlay-gradient":""}},"ast-content-background-meta":{"desktop":{"background-color":"var(--ast-global-color-4)","background-image":"","background-repeat":"repeat","background-position":"center center","background-size":"auto","background-attachment":"scroll","background-type":"","background-media":"","overlay-type":"","overlay-color":"","overlay-opacity":"","overlay-gradient":""},"tablet":{"background-color":"var(--ast-global-color-4)","background-image":"","background-repeat":"repeat","background-position":"center center","background-size":"auto","background-attachment":"scroll","background-type":"","background-media":"","overlay-type":"","overlay-color":"","overlay-opacity":"","overlay-gradient":""},"mobile":{"background-color":"var(--ast-global-color-4)","background-image":"","background-repeat":"repeat","background-position":"center center","background-size":"auto","background-attachment":"scroll","background-type":"","background-media":"","overlay-type":"","overlay-color":"","overlay-opacity":"","overlay-gradient":""}},"footnotes":""},"class_list":["post-937","page","type-page","status-publish","hentry"],"_links":{"self":[{"href":"https:\/\/louisegaudelette.com\/index.php\/wp-json\/wp\/v2\/pages\/937","targetHints":{"allow":["GET"]}}],"collection":[{"href":"https:\/\/louisegaudelette.com\/index.php\/wp-json\/wp\/v2\/pages"}],"about":[{"href":"https:\/\/louisegaudelette.com\/index.php\/wp-json\/wp\/v2\/types\/page"}],"author":[{"embeddable":true,"href":"https:\/\/louisegaudelette.com\/index.php\/wp-json\/wp\/v2\/users\/1"}],"replies":[{"embeddable":true,"href":"https:\/\/louisegaudelette.com\/index.php\/wp-json\/wp\/v2\/comments?post=937"}],"version-history":[{"count":13,"href":"https:\/\/louisegaudelette.com\/index.php\/wp-json\/wp\/v2\/pages\/937\/revisions"}],"predecessor-version":[{"id":1471,"href":"https:\/\/louisegaudelette.com\/index.php\/wp-json\/wp\/v2\/pages\/937\/revisions\/1471"}],"wp:attachment":[{"href":"https:\/\/louisegaudelette.com\/index.php\/wp-json\/wp\/v2\/media?parent=937"}],"curies":[{"name":"wp","href":"https:\/\/api.w.org\/{rel}","templated":true}]}}