{"id":813,"date":"2025-10-28T08:17:29","date_gmt":"2025-10-28T08:17:29","guid":{"rendered":"https:\/\/louisegaudelette.com\/?page_id=813"},"modified":"2025-11-07T11:42:01","modified_gmt":"2025-11-07T11:42:01","slug":"feldenkrais","status":"publish","type":"page","link":"https:\/\/louisegaudelette.com\/index.php\/feldenkrais\/","title":{"rendered":"Feldenkrais"},"content":{"rendered":"\t\t<div data-elementor-type=\"wp-page\" data-elementor-id=\"813\" class=\"elementor elementor-813\">\n\t\t\t\t<div class=\"elementor-element elementor-element-1208a8ed e-flex e-con-boxed e-con e-parent\" data-id=\"1208a8ed\" data-element_type=\"container\" data-e-type=\"container\">\n\t\t\t\t\t<div class=\"e-con-inner\">\n\t\t\t\t<div class=\"elementor-element elementor-element-11a91c1c elementor-widget elementor-widget-image\" data-id=\"11a91c1c\" data-element_type=\"widget\" data-e-type=\"widget\" data-widget_type=\"image.default\">\n\t\t\t\t\t\t\t\t\t\t\t\t\t\t\t<img fetchpriority=\"high\" decoding=\"async\" width=\"1024\" height=\"160\" src=\"https:\/\/louisegaudelette.com\/wp-content\/uploads\/2025\/10\/bandeau-feldenkrais-1024x160.webp\" class=\"attachment-large size-large wp-image-820\" alt=\"\" srcset=\"https:\/\/louisegaudelette.com\/wp-content\/uploads\/2025\/10\/bandeau-feldenkrais-1024x160.webp 1024w, https:\/\/louisegaudelette.com\/wp-content\/uploads\/2025\/10\/bandeau-feldenkrais-300x47.webp 300w, https:\/\/louisegaudelette.com\/wp-content\/uploads\/2025\/10\/bandeau-feldenkrais-768x120.webp 768w, https:\/\/louisegaudelette.com\/wp-content\/uploads\/2025\/10\/bandeau-feldenkrais-1536x240.webp 1536w, https:\/\/louisegaudelette.com\/wp-content\/uploads\/2025\/10\/bandeau-feldenkrais.webp 1920w\" sizes=\"(max-width: 1024px) 100vw, 1024px\" \/>\t\t\t\t\t\t\t\t\t\t\t\t\t\t\t<\/div>\n\t\t\t\t\t<\/div>\n\t\t\t\t<\/div>\n\t\t<div class=\"elementor-element elementor-element-79fb3390 e-flex e-con-boxed e-con e-parent\" data-id=\"79fb3390\" data-element_type=\"container\" data-e-type=\"container\">\n\t\t\t\t\t<div class=\"e-con-inner\">\n\t\t<div class=\"elementor-element elementor-element-68d541cf e-con-full e-flex e-con e-child\" data-id=\"68d541cf\" data-element_type=\"container\" data-e-type=\"container\">\n\t\t\t\t<div class=\"elementor-element elementor-element-28f2dc44 elementor-widget elementor-widget-image\" data-id=\"28f2dc44\" data-element_type=\"widget\" data-e-type=\"widget\" data-widget_type=\"image.default\">\n\t\t\t\t\t\t\t\t\t\t\t\t\t\t\t<img decoding=\"async\" width=\"1024\" height=\"925\" src=\"https:\/\/louisegaudelette.com\/wp-content\/uploads\/2025\/10\/info-feldenkrais-1-1024x925.webp\" class=\"attachment-large size-large wp-image-825\" alt=\"\" srcset=\"https:\/\/louisegaudelette.com\/wp-content\/uploads\/2025\/10\/info-feldenkrais-1-1024x925.webp 1024w, https:\/\/louisegaudelette.com\/wp-content\/uploads\/2025\/10\/info-feldenkrais-1-300x271.webp 300w, https:\/\/louisegaudelette.com\/wp-content\/uploads\/2025\/10\/info-feldenkrais-1-768x693.webp 768w, https:\/\/louisegaudelette.com\/wp-content\/uploads\/2025\/10\/info-feldenkrais-1-1536x1387.webp 1536w, https:\/\/louisegaudelette.com\/wp-content\/uploads\/2025\/10\/info-feldenkrais-1.webp 1946w\" sizes=\"(max-width: 1024px) 100vw, 1024px\" \/>\t\t\t\t\t\t\t\t\t\t\t\t\t\t\t<\/div>\n\t\t\t\t<\/div>\n\t\t<div class=\"elementor-element elementor-element-1913fdb3 e-con-full e-flex e-con e-child\" data-id=\"1913fdb3\" data-element_type=\"container\" data-e-type=\"container\">\n\t\t\t\t<div class=\"elementor-element elementor-element-40bc4f64 elementor-widget elementor-widget-text-editor\" data-id=\"40bc4f64\" data-element_type=\"widget\" data-e-type=\"widget\" data-widget_type=\"text-editor.default\">\n\t\t\t\t\t\t\t\t\t<p>J\u2019ai \u00e9t\u00e9 engag\u00e9e par Ana Mariolani, praticienne de la M\u00e9thode Feldenkrais et professeure de danse contemporaine aux conservatoires de Nanterre et Clichy, pour concevoir depuis deux ans les affiches et flyers de ses ateliers.<\/p><p>La M\u00e9thode Feldenkrais est une pratique d\u2019exploration du mouvement visant \u00e0 d\u00e9velopper la conscience de soi \u00e0 travers les sensations corporelles.<\/p><p>J&rsquo;ai voulu que le mot \u00ab\u00a0Feldenkrais\u00a0\u00bb soit impactant visuellement afin qu&rsquo;il marque les esprits et devienne identifiable. En effet, c&rsquo;est un mot assez compliqu\u00e9 et encore peu connu du grand public.<\/p>\t\t\t\t\t\t\t\t<\/div>\n\t\t\t\t<\/div>\n\t\t\t\t\t<\/div>\n\t\t\t\t<\/div>\n\t\t<div class=\"elementor-element elementor-element-47950bb5 e-flex e-con-boxed e-con e-parent\" data-id=\"47950bb5\" data-element_type=\"container\" data-e-type=\"container\">\n\t\t\t\t\t<div class=\"e-con-inner\">\n\t\t\t\t<div class=\"elementor-element elementor-element-7ab1903d elementor-widget elementor-widget-image\" data-id=\"7ab1903d\" data-element_type=\"widget\" data-e-type=\"widget\" data-widget_type=\"image.default\">\n\t\t\t\t\t\t\t\t\t\t\t\t\t\t\t<img decoding=\"async\" width=\"1024\" height=\"865\" src=\"https:\/\/louisegaudelette.com\/wp-content\/uploads\/2025\/10\/affiche-flyer-mockup-1024x865.webp\" class=\"attachment-large size-large wp-image-829\" alt=\"\" srcset=\"https:\/\/louisegaudelette.com\/wp-content\/uploads\/2025\/10\/affiche-flyer-mockup-1024x865.webp 1024w, https:\/\/louisegaudelette.com\/wp-content\/uploads\/2025\/10\/affiche-flyer-mockup-300x253.webp 300w, https:\/\/louisegaudelette.com\/wp-content\/uploads\/2025\/10\/affiche-flyer-mockup-768x649.webp 768w, https:\/\/louisegaudelette.com\/wp-content\/uploads\/2025\/10\/affiche-flyer-mockup-1536x1298.webp 1536w, https:\/\/louisegaudelette.com\/wp-content\/uploads\/2025\/10\/affiche-flyer-mockup.webp 1920w\" sizes=\"(max-width: 1024px) 100vw, 1024px\" \/>\t\t\t\t\t\t\t\t\t\t\t\t\t\t\t<\/div>\n\t\t\t\t\t<\/div>\n\t\t\t\t<\/div>\n\t\t<div class=\"elementor-element elementor-element-18d48526 e-flex e-con-boxed e-con e-parent\" data-id=\"18d48526\" data-element_type=\"container\" data-e-type=\"container\">\n\t\t\t\t\t<div class=\"e-con-inner\">\n\t\t\t\t<div class=\"elementor-element elementor-element-3ed8e78 elementor-widget elementor-widget-image\" data-id=\"3ed8e78\" data-element_type=\"widget\" data-e-type=\"widget\" data-widget_type=\"image.default\">\n\t\t\t\t\t\t\t\t\t\t\t\t\t\t\t<img loading=\"lazy\" decoding=\"async\" width=\"1024\" height=\"481\" src=\"https:\/\/louisegaudelette.com\/wp-content\/uploads\/2025\/10\/photo-conservatoire-1024x481.webp\" class=\"attachment-large size-large wp-image-835\" alt=\"\" srcset=\"https:\/\/louisegaudelette.com\/wp-content\/uploads\/2025\/10\/photo-conservatoire-1024x481.webp 1024w, https:\/\/louisegaudelette.com\/wp-content\/uploads\/2025\/10\/photo-conservatoire-300x141.webp 300w, https:\/\/louisegaudelette.com\/wp-content\/uploads\/2025\/10\/photo-conservatoire-768x361.webp 768w, https:\/\/louisegaudelette.com\/wp-content\/uploads\/2025\/10\/photo-conservatoire-1536x722.webp 1536w, https:\/\/louisegaudelette.com\/wp-content\/uploads\/2025\/10\/photo-conservatoire.webp 1920w\" sizes=\"(max-width: 1024px) 100vw, 1024px\" \/>\t\t\t\t\t\t\t\t\t\t\t\t\t\t\t<\/div>\n\t\t\t\t\t<\/div>\n\t\t\t\t<\/div>\n\t\t<div class=\"elementor-element elementor-element-1d435a1a e-flex e-con-boxed e-con e-parent\" data-id=\"1d435a1a\" data-element_type=\"container\" data-e-type=\"container\">\n\t\t\t\t\t<div class=\"e-con-inner\">\n\t\t\t\t<div class=\"elementor-element elementor-element-318ea9ee elementor-align-center elementor-widget__width-auto e-transform elementor-widget elementor-widget-button\" data-id=\"318ea9ee\" data-element_type=\"widget\" data-e-type=\"widget\" data-settings=\"{&quot;_transform_scale_effect_mobile&quot;:{&quot;unit&quot;:&quot;px&quot;,&quot;size&quot;:0.8,&quot;sizes&quot;:[]},&quot;_transform_scale_effect&quot;:{&quot;unit&quot;:&quot;px&quot;,&quot;size&quot;:&quot;&quot;,&quot;sizes&quot;:[]},&quot;_transform_scale_effect_tablet&quot;:{&quot;unit&quot;:&quot;px&quot;,&quot;size&quot;:&quot;&quot;,&quot;sizes&quot;:[]}}\" data-widget_type=\"button.default\">\n\t\t\t\t\t\t\t\t\t\t<a class=\"elementor-button elementor-button-link elementor-size-sm\" href=\"https:\/\/louisegaudelette.com\/index.php\/portfolio\/\">\n\t\t\t\t\t\t<span class=\"elementor-button-content-wrapper\">\n\t\t\t\t\t\t\t\t\t<span class=\"elementor-button-text\">Retour<\/span>\n\t\t\t\t\t<\/span>\n\t\t\t\t\t<\/a>\n\t\t\t\t\t\t\t\t<\/div>\n\t\t\t\t\t<\/div>\n\t\t\t\t<\/div>\n\t\t\t\t<\/div>\n\t\t","protected":false},"excerpt":{"rendered":"<p>J\u2019ai \u00e9t\u00e9 engag\u00e9e par Ana Mariolani, praticienne de la M\u00e9thode Feldenkrais et professeure de danse contemporaine aux conservatoires de Nanterre [&hellip;]<\/p>\n","protected":false},"author":1,"featured_media":0,"parent":0,"menu_order":0,"comment_status":"closed","ping_status":"closed","template":"","meta":{"site-sidebar-layout":"no-sidebar","site-content-layout":"","ast-site-content-layout":"full-width-container","site-content-style":"default","site-sidebar-style":"default","ast-global-header-display":"","ast-banner-title-visibility":"","ast-main-header-display":"","ast-hfb-above-header-display":"","ast-hfb-below-header-display":"","ast-hfb-mobile-header-display":"","site-post-title":"disabled","ast-breadcrumbs-content":"","ast-featured-img":"disabled","footer-sml-layout":"","theme-transparent-header-meta":"","adv-header-id-meta":"","stick-header-meta":"","header-above-stick-meta":"","header-main-stick-meta":"","header-below-stick-meta":"","astra-migrate-meta-layouts":"default","ast-page-background-enabled":"default","ast-page-background-meta":{"desktop":{"background-color":"var(--ast-global-color-5)","background-image":"","background-repeat":"repeat","background-position":"center center","background-size":"auto","background-attachment":"scroll","background-type":"","background-media":"","overlay-type":"","overlay-color":"","overlay-opacity":"","overlay-gradient":""},"tablet":{"background-color":"","background-image":"","background-repeat":"repeat","background-position":"center center","background-size":"auto","background-attachment":"scroll","background-type":"","background-media":"","overlay-type":"","overlay-color":"","overlay-opacity":"","overlay-gradient":""},"mobile":{"background-color":"","background-image":"","background-repeat":"repeat","background-position":"center center","background-size":"auto","background-attachment":"scroll","background-type":"","background-media":"","overlay-type":"","overlay-color":"","overlay-opacity":"","overlay-gradient":""}},"ast-content-background-meta":{"desktop":{"background-color":"var(--ast-global-color-4)","background-image":"","background-repeat":"repeat","background-position":"center center","background-size":"auto","background-attachment":"scroll","background-type":"","background-media":"","overlay-type":"","overlay-color":"","overlay-opacity":"","overlay-gradient":""},"tablet":{"background-color":"var(--ast-global-color-4)","background-image":"","background-repeat":"repeat","background-position":"center center","background-size":"auto","background-attachment":"scroll","background-type":"","background-media":"","overlay-type":"","overlay-color":"","overlay-opacity":"","overlay-gradient":""},"mobile":{"background-color":"var(--ast-global-color-4)","background-image":"","background-repeat":"repeat","background-position":"center center","background-size":"auto","background-attachment":"scroll","background-type":"","background-media":"","overlay-type":"","overlay-color":"","overlay-opacity":"","overlay-gradient":""}},"footnotes":""},"class_list":["post-813","page","type-page","status-publish","hentry"],"_links":{"self":[{"href":"https:\/\/louisegaudelette.com\/index.php\/wp-json\/wp\/v2\/pages\/813","targetHints":{"allow":["GET"]}}],"collection":[{"href":"https:\/\/louisegaudelette.com\/index.php\/wp-json\/wp\/v2\/pages"}],"about":[{"href":"https:\/\/louisegaudelette.com\/index.php\/wp-json\/wp\/v2\/types\/page"}],"author":[{"embeddable":true,"href":"https:\/\/louisegaudelette.com\/index.php\/wp-json\/wp\/v2\/users\/1"}],"replies":[{"embeddable":true,"href":"https:\/\/louisegaudelette.com\/index.php\/wp-json\/wp\/v2\/comments?post=813"}],"version-history":[{"count":22,"href":"https:\/\/louisegaudelette.com\/index.php\/wp-json\/wp\/v2\/pages\/813\/revisions"}],"predecessor-version":[{"id":1453,"href":"https:\/\/louisegaudelette.com\/index.php\/wp-json\/wp\/v2\/pages\/813\/revisions\/1453"}],"wp:attachment":[{"href":"https:\/\/louisegaudelette.com\/index.php\/wp-json\/wp\/v2\/media?parent=813"}],"curies":[{"name":"wp","href":"https:\/\/api.w.org\/{rel}","templated":true}]}}