{"id":689,"date":"2025-10-24T14:00:53","date_gmt":"2025-10-24T14:00:53","guid":{"rendered":"https:\/\/louisegaudelette.com\/?page_id=689"},"modified":"2025-11-07T11:39:29","modified_gmt":"2025-11-07T11:39:29","slug":"cime","status":"publish","type":"page","link":"https:\/\/louisegaudelette.com\/index.php\/cime\/","title":{"rendered":"Cime"},"content":{"rendered":"\t\t<div data-elementor-type=\"wp-page\" data-elementor-id=\"689\" class=\"elementor elementor-689\">\n\t\t\t\t<div class=\"elementor-element elementor-element-3c7c85d9 e-flex e-con-boxed e-con e-parent\" data-id=\"3c7c85d9\" data-element_type=\"container\" data-e-type=\"container\">\n\t\t\t\t\t<div class=\"e-con-inner\">\n\t\t\t\t<div class=\"elementor-element elementor-element-64464377 elementor-widget elementor-widget-image\" data-id=\"64464377\" data-element_type=\"widget\" data-e-type=\"widget\" data-widget_type=\"image.default\">\n\t\t\t\t\t\t\t\t\t\t\t\t\t\t\t<img fetchpriority=\"high\" decoding=\"async\" width=\"1024\" height=\"160\" src=\"https:\/\/louisegaudelette.com\/wp-content\/uploads\/2025\/10\/bandeau-cime2-1024x160.webp\" class=\"attachment-large size-large wp-image-845\" alt=\"\" srcset=\"https:\/\/louisegaudelette.com\/wp-content\/uploads\/2025\/10\/bandeau-cime2-1024x160.webp 1024w, https:\/\/louisegaudelette.com\/wp-content\/uploads\/2025\/10\/bandeau-cime2-300x47.webp 300w, https:\/\/louisegaudelette.com\/wp-content\/uploads\/2025\/10\/bandeau-cime2-768x120.webp 768w, https:\/\/louisegaudelette.com\/wp-content\/uploads\/2025\/10\/bandeau-cime2-1536x240.webp 1536w, https:\/\/louisegaudelette.com\/wp-content\/uploads\/2025\/10\/bandeau-cime2.webp 1920w\" sizes=\"(max-width: 1024px) 100vw, 1024px\" \/>\t\t\t\t\t\t\t\t\t\t\t\t\t\t\t<\/div>\n\t\t\t\t\t<\/div>\n\t\t\t\t<\/div>\n\t\t<div class=\"elementor-element elementor-element-57b03a4c e-flex e-con-boxed e-con e-parent\" data-id=\"57b03a4c\" data-element_type=\"container\" data-e-type=\"container\">\n\t\t\t\t\t<div class=\"e-con-inner\">\n\t\t<div class=\"elementor-element elementor-element-79b01655 e-con-full e-flex e-con e-child\" data-id=\"79b01655\" data-element_type=\"container\" data-e-type=\"container\">\n\t\t\t\t<div class=\"elementor-element elementor-element-1dac7a8a elementor-widget elementor-widget-image\" data-id=\"1dac7a8a\" data-element_type=\"widget\" data-e-type=\"widget\" data-widget_type=\"image.default\">\n\t\t\t\t\t\t\t\t\t\t\t\t\t\t\t<img decoding=\"async\" width=\"1024\" height=\"772\" src=\"https:\/\/louisegaudelette.com\/wp-content\/uploads\/2025\/10\/infos-cime-1024x772.webp\" class=\"attachment-large size-large wp-image-692\" alt=\"\" srcset=\"https:\/\/louisegaudelette.com\/wp-content\/uploads\/2025\/10\/infos-cime-1024x772.webp 1024w, https:\/\/louisegaudelette.com\/wp-content\/uploads\/2025\/10\/infos-cime-300x226.webp 300w, https:\/\/louisegaudelette.com\/wp-content\/uploads\/2025\/10\/infos-cime-768x579.webp 768w, https:\/\/louisegaudelette.com\/wp-content\/uploads\/2025\/10\/infos-cime-1536x1159.webp 1536w, https:\/\/louisegaudelette.com\/wp-content\/uploads\/2025\/10\/infos-cime.webp 1946w\" sizes=\"(max-width: 1024px) 100vw, 1024px\" \/>\t\t\t\t\t\t\t\t\t\t\t\t\t\t\t<\/div>\n\t\t\t\t<\/div>\n\t\t<div class=\"elementor-element elementor-element-4760d8d7 e-con-full e-flex e-con e-child\" data-id=\"4760d8d7\" data-element_type=\"container\" data-e-type=\"container\">\n\t\t\t\t<div class=\"elementor-element elementor-element-1a68dee0 elementor-widget elementor-widget-text-editor\" data-id=\"1a68dee0\" data-element_type=\"widget\" data-e-type=\"widget\" data-widget_type=\"text-editor.default\">\n\t\t\t\t\t\t\t\t\t<p>Ce projet avait pour objectif de concevoir l\u2019identit\u00e9 visuelle de Cime, une marque de cosm\u00e9tiques fictive proposant des cr\u00e8mes hydratantes formul\u00e9es \u00e0 base d\u2019eau min\u00e9rale Evian.<\/p><p>Le logo \u00e9voque \u00e0 la fois la texture onctueuse de la cr\u00e8me et la puret\u00e9 de l\u2019eau qui la compose. La palette de couleurs douces traduit les bienfaits du produit.<\/p><p>Les trois packagings ont la m\u00eame structure, mais les couleurs varient en fonction de la version du produit (cr\u00e8me de jour, cr\u00e8me de nuit, cr\u00e8me contour des yeux).<\/p><p>Projet en collaboration avec Luna Geai.<\/p>\t\t\t\t\t\t\t\t<\/div>\n\t\t\t\t<\/div>\n\t\t\t\t\t<\/div>\n\t\t\t\t<\/div>\n\t\t<div class=\"elementor-element elementor-element-307b458a e-flex e-con-boxed e-con e-parent\" data-id=\"307b458a\" data-element_type=\"container\" data-e-type=\"container\">\n\t\t\t\t\t<div class=\"e-con-inner\">\n\t\t\t\t<div class=\"elementor-element elementor-element-77d17558 elementor-widget elementor-widget-image\" data-id=\"77d17558\" data-element_type=\"widget\" data-e-type=\"widget\" data-widget_type=\"image.default\">\n\t\t\t\t\t\t\t\t\t\t\t\t\t\t\t<img decoding=\"async\" width=\"1024\" height=\"571\" src=\"https:\/\/louisegaudelette.com\/wp-content\/uploads\/2025\/10\/recherches-cime-1024x571.webp\" class=\"attachment-large size-large wp-image-704\" alt=\"\" srcset=\"https:\/\/louisegaudelette.com\/wp-content\/uploads\/2025\/10\/recherches-cime-1024x571.webp 1024w, https:\/\/louisegaudelette.com\/wp-content\/uploads\/2025\/10\/recherches-cime-300x167.webp 300w, https:\/\/louisegaudelette.com\/wp-content\/uploads\/2025\/10\/recherches-cime-768x428.webp 768w, https:\/\/louisegaudelette.com\/wp-content\/uploads\/2025\/10\/recherches-cime-1536x857.webp 1536w, https:\/\/louisegaudelette.com\/wp-content\/uploads\/2025\/10\/recherches-cime.webp 1920w\" sizes=\"(max-width: 1024px) 100vw, 1024px\" \/>\t\t\t\t\t\t\t\t\t\t\t\t\t\t\t<\/div>\n\t\t\t\t\t<\/div>\n\t\t\t\t<\/div>\n\t\t<div class=\"elementor-element elementor-element-7d176cad e-flex e-con-boxed e-con e-parent\" data-id=\"7d176cad\" data-element_type=\"container\" data-e-type=\"container\">\n\t\t\t\t\t<div class=\"e-con-inner\">\n\t\t\t\t<div class=\"elementor-element elementor-element-9924d50 elementor-widget__width-initial elementor-widget elementor-widget-html\" data-id=\"9924d50\" data-element_type=\"widget\" data-e-type=\"widget\" data-widget_type=\"html.default\">\n\t\t\t\t\t<img decoding=\"async\" src=\"https:\/\/louisegaudelette.com\/wp-content\/uploads\/2025\/10\/cime-animation.gif\" alt=\"animation\" style=\"width:100%; height:auto;\">\t\t\t\t<\/div>\n\t\t\t\t<div class=\"elementor-element elementor-element-661ce97f elementor-widget elementor-widget-image\" data-id=\"661ce97f\" data-element_type=\"widget\" data-e-type=\"widget\" data-widget_type=\"image.default\">\n\t\t\t\t\t\t\t\t\t\t\t\t\t\t\t<img loading=\"lazy\" decoding=\"async\" width=\"1024\" height=\"370\" src=\"https:\/\/louisegaudelette.com\/wp-content\/uploads\/2025\/10\/couleurs-typo-1024x370.png\" class=\"attachment-large size-large wp-image-742\" alt=\"\" srcset=\"https:\/\/louisegaudelette.com\/wp-content\/uploads\/2025\/10\/couleurs-typo-1024x370.png 1024w, https:\/\/louisegaudelette.com\/wp-content\/uploads\/2025\/10\/couleurs-typo-300x108.png 300w, https:\/\/louisegaudelette.com\/wp-content\/uploads\/2025\/10\/couleurs-typo-768x278.png 768w, https:\/\/louisegaudelette.com\/wp-content\/uploads\/2025\/10\/couleurs-typo-1536x555.png 1536w, https:\/\/louisegaudelette.com\/wp-content\/uploads\/2025\/10\/couleurs-typo.png 1920w\" sizes=\"(max-width: 1024px) 100vw, 1024px\" \/>\t\t\t\t\t\t\t\t\t\t\t\t\t\t\t<\/div>\n\t\t\t\t\t<\/div>\n\t\t\t\t<\/div>\n\t\t<div class=\"elementor-element elementor-element-226dc4c0 e-flex e-con-boxed e-con e-parent\" data-id=\"226dc4c0\" data-element_type=\"container\" data-e-type=\"container\">\n\t\t\t\t\t<div class=\"e-con-inner\">\n\t\t\t\t<div class=\"elementor-element elementor-element-7c9fa28b elementor-widget elementor-widget-image\" data-id=\"7c9fa28b\" data-element_type=\"widget\" data-e-type=\"widget\" data-widget_type=\"image.default\">\n\t\t\t\t\t\t\t\t\t\t\t\t\t\t\t<img loading=\"lazy\" decoding=\"async\" width=\"1024\" height=\"576\" src=\"https:\/\/louisegaudelette.com\/wp-content\/uploads\/2025\/10\/regles-logo-1024x576.png\" class=\"attachment-large size-large wp-image-743\" alt=\"\" srcset=\"https:\/\/louisegaudelette.com\/wp-content\/uploads\/2025\/10\/regles-logo-1024x576.png 1024w, https:\/\/louisegaudelette.com\/wp-content\/uploads\/2025\/10\/regles-logo-300x169.png 300w, https:\/\/louisegaudelette.com\/wp-content\/uploads\/2025\/10\/regles-logo-768x432.png 768w, https:\/\/louisegaudelette.com\/wp-content\/uploads\/2025\/10\/regles-logo-1536x864.png 1536w, https:\/\/louisegaudelette.com\/wp-content\/uploads\/2025\/10\/regles-logo.png 1920w\" sizes=\"(max-width: 1024px) 100vw, 1024px\" \/>\t\t\t\t\t\t\t\t\t\t\t\t\t\t\t<\/div>\n\t\t\t\t\t<\/div>\n\t\t\t\t<\/div>\n\t\t<div class=\"elementor-element elementor-element-6c79aa1b e-flex e-con-boxed e-con e-parent\" data-id=\"6c79aa1b\" data-element_type=\"container\" data-e-type=\"container\">\n\t\t\t\t\t<div class=\"e-con-inner\">\n\t\t\t\t<div class=\"elementor-element elementor-element-256b3859 elementor-widget elementor-widget-image\" data-id=\"256b3859\" data-element_type=\"widget\" data-e-type=\"widget\" data-widget_type=\"image.default\">\n\t\t\t\t\t\t\t\t\t\t\t\t\t\t\t<img loading=\"lazy\" decoding=\"async\" width=\"1024\" height=\"341\" src=\"https:\/\/louisegaudelette.com\/wp-content\/uploads\/2025\/10\/pack-face-1024x341.webp\" class=\"attachment-large size-large wp-image-747\" alt=\"\" srcset=\"https:\/\/louisegaudelette.com\/wp-content\/uploads\/2025\/10\/pack-face-1024x341.webp 1024w, https:\/\/louisegaudelette.com\/wp-content\/uploads\/2025\/10\/pack-face-300x100.webp 300w, https:\/\/louisegaudelette.com\/wp-content\/uploads\/2025\/10\/pack-face-768x256.webp 768w, https:\/\/louisegaudelette.com\/wp-content\/uploads\/2025\/10\/pack-face-1536x512.webp 1536w, https:\/\/louisegaudelette.com\/wp-content\/uploads\/2025\/10\/pack-face.webp 1920w\" sizes=\"(max-width: 1024px) 100vw, 1024px\" \/>\t\t\t\t\t\t\t\t\t\t\t\t\t\t\t<\/div>\n\t\t\t\t\t<\/div>\n\t\t\t\t<\/div>\n\t\t<div class=\"elementor-element elementor-element-3257281e e-flex e-con-boxed e-con e-parent\" data-id=\"3257281e\" data-element_type=\"container\" data-e-type=\"container\">\n\t\t\t\t\t<div class=\"e-con-inner\">\n\t\t\t\t<div class=\"elementor-element elementor-element-7ac0b7f7 elementor-widget elementor-widget-image\" data-id=\"7ac0b7f7\" data-element_type=\"widget\" data-e-type=\"widget\" data-widget_type=\"image.default\">\n\t\t\t\t\t\t\t\t\t\t\t\t\t\t\t<img loading=\"lazy\" decoding=\"async\" width=\"705\" height=\"1024\" src=\"https:\/\/louisegaudelette.com\/wp-content\/uploads\/2025\/10\/packs-photos1-705x1024.webp\" class=\"attachment-large size-large wp-image-762\" alt=\"\" srcset=\"https:\/\/louisegaudelette.com\/wp-content\/uploads\/2025\/10\/packs-photos1-705x1024.webp 705w, https:\/\/louisegaudelette.com\/wp-content\/uploads\/2025\/10\/packs-photos1-207x300.webp 207w, https:\/\/louisegaudelette.com\/wp-content\/uploads\/2025\/10\/packs-photos1-768x1115.webp 768w, https:\/\/louisegaudelette.com\/wp-content\/uploads\/2025\/10\/packs-photos1-1058x1536.webp 1058w, https:\/\/louisegaudelette.com\/wp-content\/uploads\/2025\/10\/packs-photos1-1411x2048.webp 1411w, https:\/\/louisegaudelette.com\/wp-content\/uploads\/2025\/10\/packs-photos1-scaled.webp 1763w\" sizes=\"(max-width: 705px) 100vw, 705px\" \/>\t\t\t\t\t\t\t\t\t\t\t\t\t\t\t<\/div>\n\t\t\t\t\t<\/div>\n\t\t\t\t<\/div>\n\t\t<div class=\"elementor-element elementor-element-8ddaa6d e-flex e-con-boxed e-con e-parent\" data-id=\"8ddaa6d\" data-element_type=\"container\" data-e-type=\"container\">\n\t\t\t\t\t<div class=\"e-con-inner\">\n\t\t\t\t<div class=\"elementor-element elementor-element-9d5bef3 elementor-widget elementor-widget-image\" data-id=\"9d5bef3\" data-element_type=\"widget\" data-e-type=\"widget\" data-widget_type=\"image.default\">\n\t\t\t\t\t\t\t\t\t\t\t\t\t\t\t<img loading=\"lazy\" decoding=\"async\" width=\"1024\" height=\"559\" src=\"https:\/\/louisegaudelette.com\/wp-content\/uploads\/2025\/10\/cime-packaging-mockup-1024x559.webp\" class=\"attachment-large size-large wp-image-752\" alt=\"\" srcset=\"https:\/\/louisegaudelette.com\/wp-content\/uploads\/2025\/10\/cime-packaging-mockup-1024x559.webp 1024w, https:\/\/louisegaudelette.com\/wp-content\/uploads\/2025\/10\/cime-packaging-mockup-300x164.webp 300w, https:\/\/louisegaudelette.com\/wp-content\/uploads\/2025\/10\/cime-packaging-mockup-768x420.webp 768w, https:\/\/louisegaudelette.com\/wp-content\/uploads\/2025\/10\/cime-packaging-mockup-1536x839.webp 1536w, https:\/\/louisegaudelette.com\/wp-content\/uploads\/2025\/10\/cime-packaging-mockup.webp 1920w\" sizes=\"(max-width: 1024px) 100vw, 1024px\" \/>\t\t\t\t\t\t\t\t\t\t\t\t\t\t\t<\/div>\n\t\t\t\t\t<\/div>\n\t\t\t\t<\/div>\n\t\t<div class=\"elementor-element elementor-element-2e8ce19b e-flex e-con-boxed e-con e-parent\" data-id=\"2e8ce19b\" data-element_type=\"container\" data-e-type=\"container\">\n\t\t\t\t\t<div class=\"e-con-inner\">\n\t\t\t\t<div class=\"elementor-element elementor-element-6786b456 elementor-align-center elementor-widget__width-auto e-transform elementor-widget elementor-widget-button\" data-id=\"6786b456\" data-element_type=\"widget\" data-e-type=\"widget\" data-settings=\"{&quot;_transform_scale_effect_mobile&quot;:{&quot;unit&quot;:&quot;px&quot;,&quot;size&quot;:0.8,&quot;sizes&quot;:[]},&quot;_transform_scale_effect&quot;:{&quot;unit&quot;:&quot;px&quot;,&quot;size&quot;:&quot;&quot;,&quot;sizes&quot;:[]},&quot;_transform_scale_effect_tablet&quot;:{&quot;unit&quot;:&quot;px&quot;,&quot;size&quot;:&quot;&quot;,&quot;sizes&quot;:[]}}\" data-widget_type=\"button.default\">\n\t\t\t\t\t\t\t\t\t\t<a class=\"elementor-button elementor-button-link elementor-size-sm\" href=\"https:\/\/louisegaudelette.com\/index.php\/portfolio\/\">\n\t\t\t\t\t\t<span class=\"elementor-button-content-wrapper\">\n\t\t\t\t\t\t\t\t\t<span class=\"elementor-button-text\">Retour<\/span>\n\t\t\t\t\t<\/span>\n\t\t\t\t\t<\/a>\n\t\t\t\t\t\t\t\t<\/div>\n\t\t\t\t\t<\/div>\n\t\t\t\t<\/div>\n\t\t\t\t<\/div>\n\t\t","protected":false},"excerpt":{"rendered":"<p>Ce projet avait pour objectif de concevoir l\u2019identit\u00e9 visuelle de Cime, une marque de cosm\u00e9tiques fictive proposant des cr\u00e8mes hydratantes [&hellip;]<\/p>\n","protected":false},"author":1,"featured_media":0,"parent":0,"menu_order":0,"comment_status":"closed","ping_status":"closed","template":"","meta":{"site-sidebar-layout":"no-sidebar","site-content-layout":"","ast-site-content-layout":"full-width-container","site-content-style":"default","site-sidebar-style":"default","ast-global-header-display":"","ast-banner-title-visibility":"","ast-main-header-display":"","ast-hfb-above-header-display":"","ast-hfb-below-header-display":"","ast-hfb-mobile-header-display":"","site-post-title":"disabled","ast-breadcrumbs-content":"","ast-featured-img":"disabled","footer-sml-layout":"","theme-transparent-header-meta":"","adv-header-id-meta":"","stick-header-meta":"","header-above-stick-meta":"","header-main-stick-meta":"","header-below-stick-meta":"","astra-migrate-meta-layouts":"default","ast-page-background-enabled":"default","ast-page-background-meta":{"desktop":{"background-color":"var(--ast-global-color-5)","background-image":"","background-repeat":"repeat","background-position":"center center","background-size":"auto","background-attachment":"scroll","background-type":"","background-media":"","overlay-type":"","overlay-color":"","overlay-opacity":"","overlay-gradient":""},"tablet":{"background-color":"","background-image":"","background-repeat":"repeat","background-position":"center center","background-size":"auto","background-attachment":"scroll","background-type":"","background-media":"","overlay-type":"","overlay-color":"","overlay-opacity":"","overlay-gradient":""},"mobile":{"background-color":"","background-image":"","background-repeat":"repeat","background-position":"center center","background-size":"auto","background-attachment":"scroll","background-type":"","background-media":"","overlay-type":"","overlay-color":"","overlay-opacity":"","overlay-gradient":""}},"ast-content-background-meta":{"desktop":{"background-color":"var(--ast-global-color-4)","background-image":"","background-repeat":"repeat","background-position":"center center","background-size":"auto","background-attachment":"scroll","background-type":"","background-media":"","overlay-type":"","overlay-color":"","overlay-opacity":"","overlay-gradient":""},"tablet":{"background-color":"var(--ast-global-color-4)","background-image":"","background-repeat":"repeat","background-position":"center center","background-size":"auto","background-attachment":"scroll","background-type":"","background-media":"","overlay-type":"","overlay-color":"","overlay-opacity":"","overlay-gradient":""},"mobile":{"background-color":"var(--ast-global-color-4)","background-image":"","background-repeat":"repeat","background-position":"center center","background-size":"auto","background-attachment":"scroll","background-type":"","background-media":"","overlay-type":"","overlay-color":"","overlay-opacity":"","overlay-gradient":""}},"footnotes":""},"class_list":["post-689","page","type-page","status-publish","hentry"],"_links":{"self":[{"href":"https:\/\/louisegaudelette.com\/index.php\/wp-json\/wp\/v2\/pages\/689","targetHints":{"allow":["GET"]}}],"collection":[{"href":"https:\/\/louisegaudelette.com\/index.php\/wp-json\/wp\/v2\/pages"}],"about":[{"href":"https:\/\/louisegaudelette.com\/index.php\/wp-json\/wp\/v2\/types\/page"}],"author":[{"embeddable":true,"href":"https:\/\/louisegaudelette.com\/index.php\/wp-json\/wp\/v2\/users\/1"}],"replies":[{"embeddable":true,"href":"https:\/\/louisegaudelette.com\/index.php\/wp-json\/wp\/v2\/comments?post=689"}],"version-history":[{"count":58,"href":"https:\/\/louisegaudelette.com\/index.php\/wp-json\/wp\/v2\/pages\/689\/revisions"}],"predecessor-version":[{"id":1450,"href":"https:\/\/louisegaudelette.com\/index.php\/wp-json\/wp\/v2\/pages\/689\/revisions\/1450"}],"wp:attachment":[{"href":"https:\/\/louisegaudelette.com\/index.php\/wp-json\/wp\/v2\/media?parent=689"}],"curies":[{"name":"wp","href":"https:\/\/api.w.org\/{rel}","templated":true}]}}