{"id":256,"date":"2025-10-06T10:10:02","date_gmt":"2025-10-06T10:10:02","guid":{"rendered":"https:\/\/louisegaudelette.com\/?page_id=256"},"modified":"2025-11-08T15:08:06","modified_gmt":"2025-11-08T15:08:06","slug":"portfolio","status":"publish","type":"page","link":"https:\/\/louisegaudelette.com\/index.php\/portfolio\/","title":{"rendered":"Portfolio"},"content":{"rendered":"\t\t<div data-elementor-type=\"wp-page\" data-elementor-id=\"256\" class=\"elementor elementor-256\">\n\t\t\t\t<div class=\"elementor-element elementor-element-89eb008 e-con-full e-flex e-con e-parent\" data-id=\"89eb008\" data-element_type=\"container\" data-e-type=\"container\">\n\t\t\t\t<div class=\"elementor-element elementor-element-ce0910e elementor-widget__width-initial elementor-position-top elementor-position-top elementor-widget elementor-widget-image-box\" data-id=\"ce0910e\" data-element_type=\"widget\" data-e-type=\"widget\" data-widget_type=\"image-box.default\">\n\t\t\t\t\t<div class=\"elementor-image-box-wrapper\"><figure class=\"elementor-image-box-img\"><img fetchpriority=\"high\" decoding=\"async\" width=\"1505\" height=\"307\" src=\"https:\/\/louisegaudelette.com\/wp-content\/uploads\/2025\/10\/portfolio-1.webp\" class=\"attachment-full size-full wp-image-407\" alt=\"\" srcset=\"https:\/\/louisegaudelette.com\/wp-content\/uploads\/2025\/10\/portfolio-1.webp 1505w, https:\/\/louisegaudelette.com\/wp-content\/uploads\/2025\/10\/portfolio-1-300x61.webp 300w, https:\/\/louisegaudelette.com\/wp-content\/uploads\/2025\/10\/portfolio-1-1024x209.webp 1024w, https:\/\/louisegaudelette.com\/wp-content\/uploads\/2025\/10\/portfolio-1-768x157.webp 768w\" sizes=\"(max-width: 1505px) 100vw, 1505px\" \/><\/figure><div class=\"elementor-image-box-content\"><p class=\"elementor-image-box-description\">D\u00e9couvrez une s\u00e9lection de projets r\u00e9alis\u00e9s en freelance, en alternance, durant mes \u00e9tudes sup\u00e9rieures ou \u00e0 titre personnel.<\/p><\/div><\/div>\t\t\t\t<\/div>\n\t\t\t\t<\/div>\n\t\t<div class=\"elementor-element elementor-element-53c4c484 e-grid e-con-full e-con e-parent\" data-id=\"53c4c484\" data-element_type=\"container\" data-e-type=\"container\">\n\t\t<div class=\"elementor-element elementor-element-77105109 e-con-full e-flex e-con e-child\" data-id=\"77105109\" data-element_type=\"container\" data-e-type=\"container\" data-settings=\"{&quot;background_background&quot;:&quot;classic&quot;}\">\n\t\t\t\t<div class=\"elementor-element elementor-element-112e80c7 elementor-widget elementor-widget-image\" data-id=\"112e80c7\" data-element_type=\"widget\" data-e-type=\"widget\" data-widget_type=\"image.default\">\n\t\t\t\t\t\t\t\t\t\t\t\t\t\t\t\t<a href=\"https:\/\/louisegaudelette.com\/index.php\/chaillot\/\">\n\t\t\t\t\t\t\t<img decoding=\"async\" width=\"1024\" height=\"688\" src=\"https:\/\/louisegaudelette.com\/wp-content\/uploads\/2025\/10\/chaillot-1.2-1400px-1024x688.webp\" class=\"attachment-large size-large wp-image-603\" alt=\"\" srcset=\"https:\/\/louisegaudelette.com\/wp-content\/uploads\/2025\/10\/chaillot-1.2-1400px-1024x688.webp 1024w, https:\/\/louisegaudelette.com\/wp-content\/uploads\/2025\/10\/chaillot-1.2-1400px-300x201.webp 300w, https:\/\/louisegaudelette.com\/wp-content\/uploads\/2025\/10\/chaillot-1.2-1400px-768x516.webp 768w, https:\/\/louisegaudelette.com\/wp-content\/uploads\/2025\/10\/chaillot-1.2-1400px.webp 1400w\" sizes=\"(max-width: 1024px) 100vw, 1024px\" \/>\t\t\t\t\t\t\t\t<\/a>\n\t\t\t\t\t\t\t\t\t\t\t\t\t\t\t<\/div>\n\t\t\t\t<\/div>\n\t\t<div class=\"elementor-element elementor-element-b7899d5 e-con-full e-flex e-con e-child\" data-id=\"b7899d5\" data-element_type=\"container\" data-e-type=\"container\" data-settings=\"{&quot;background_background&quot;:&quot;classic&quot;}\">\n\t\t\t\t<div class=\"elementor-element elementor-element-399829b elementor-widget elementor-widget-image\" data-id=\"399829b\" data-element_type=\"widget\" data-e-type=\"widget\" data-widget_type=\"image.default\">\n\t\t\t\t\t\t\t\t\t\t\t\t\t\t\t\t<a href=\"https:\/\/louisegaudelette.com\/index.php\/cime\/\">\n\t\t\t\t\t\t\t<img decoding=\"async\" width=\"1024\" height=\"688\" src=\"https:\/\/louisegaudelette.com\/wp-content\/uploads\/2025\/10\/cime-1-1400px-1024x688.webp\" class=\"attachment-large size-large wp-image-397\" alt=\"\" srcset=\"https:\/\/louisegaudelette.com\/wp-content\/uploads\/2025\/10\/cime-1-1400px-1024x688.webp 1024w, https:\/\/louisegaudelette.com\/wp-content\/uploads\/2025\/10\/cime-1-1400px-300x201.webp 300w, https:\/\/louisegaudelette.com\/wp-content\/uploads\/2025\/10\/cime-1-1400px-768x516.webp 768w, https:\/\/louisegaudelette.com\/wp-content\/uploads\/2025\/10\/cime-1-1400px.webp 1400w\" sizes=\"(max-width: 1024px) 100vw, 1024px\" \/>\t\t\t\t\t\t\t\t<\/a>\n\t\t\t\t\t\t\t\t\t\t\t\t\t\t\t<\/div>\n\t\t\t\t<\/div>\n\t\t<div class=\"elementor-element elementor-element-3f1c682 e-con-full e-flex e-con e-child\" data-id=\"3f1c682\" data-element_type=\"container\" data-e-type=\"container\" data-settings=\"{&quot;background_background&quot;:&quot;classic&quot;}\">\n\t\t\t\t<div class=\"elementor-element elementor-element-8419956 elementor-widget elementor-widget-image\" data-id=\"8419956\" data-element_type=\"widget\" data-e-type=\"widget\" data-widget_type=\"image.default\">\n\t\t\t\t\t\t\t\t\t\t\t\t\t\t\t\t<a href=\"https:\/\/louisegaudelette.com\/index.php\/defis-ia-gen\/\">\n\t\t\t\t\t\t\t<img loading=\"lazy\" decoding=\"async\" width=\"1024\" height=\"688\" src=\"https:\/\/louisegaudelette.com\/wp-content\/uploads\/2025\/09\/defis-ia-gen-1-1400px-1024x688.webp\" class=\"attachment-large size-large wp-image-147\" alt=\"\" srcset=\"https:\/\/louisegaudelette.com\/wp-content\/uploads\/2025\/09\/defis-ia-gen-1-1400px-1024x688.webp 1024w, https:\/\/louisegaudelette.com\/wp-content\/uploads\/2025\/09\/defis-ia-gen-1-1400px-300x201.webp 300w, https:\/\/louisegaudelette.com\/wp-content\/uploads\/2025\/09\/defis-ia-gen-1-1400px-768x516.webp 768w, https:\/\/louisegaudelette.com\/wp-content\/uploads\/2025\/09\/defis-ia-gen-1-1400px.webp 1400w\" sizes=\"(max-width: 1024px) 100vw, 1024px\" \/>\t\t\t\t\t\t\t\t<\/a>\n\t\t\t\t\t\t\t\t\t\t\t\t\t\t\t<\/div>\n\t\t\t\t<\/div>\n\t\t<div class=\"elementor-element elementor-element-6b26b359 e-con-full e-flex e-con e-child\" data-id=\"6b26b359\" data-element_type=\"container\" data-e-type=\"container\" data-settings=\"{&quot;background_background&quot;:&quot;classic&quot;}\">\n\t\t\t\t<div class=\"elementor-element elementor-element-4625002a elementor-widget elementor-widget-image\" data-id=\"4625002a\" data-element_type=\"widget\" data-e-type=\"widget\" data-widget_type=\"image.default\">\n\t\t\t\t\t\t\t\t\t\t\t\t\t\t\t\t<a href=\"https:\/\/louisegaudelette.com\/index.php\/feldenkrais\/\">\n\t\t\t\t\t\t\t<img loading=\"lazy\" decoding=\"async\" width=\"1024\" height=\"688\" src=\"https:\/\/louisegaudelette.com\/wp-content\/uploads\/2025\/10\/feldenkrais-1-1400px-1024x688.webp\" class=\"attachment-large size-large wp-image-567\" alt=\"\" srcset=\"https:\/\/louisegaudelette.com\/wp-content\/uploads\/2025\/10\/feldenkrais-1-1400px-1024x688.webp 1024w, https:\/\/louisegaudelette.com\/wp-content\/uploads\/2025\/10\/feldenkrais-1-1400px-300x201.webp 300w, https:\/\/louisegaudelette.com\/wp-content\/uploads\/2025\/10\/feldenkrais-1-1400px-768x516.webp 768w, https:\/\/louisegaudelette.com\/wp-content\/uploads\/2025\/10\/feldenkrais-1-1400px.webp 1400w\" sizes=\"(max-width: 1024px) 100vw, 1024px\" \/>\t\t\t\t\t\t\t\t<\/a>\n\t\t\t\t\t\t\t\t\t\t\t\t\t\t\t<\/div>\n\t\t\t\t<\/div>\n\t\t<div class=\"elementor-element elementor-element-9423895 e-con-full e-flex e-con e-child\" data-id=\"9423895\" data-element_type=\"container\" data-e-type=\"container\" data-settings=\"{&quot;background_background&quot;:&quot;classic&quot;}\">\n\t\t\t\t<div class=\"elementor-element elementor-element-2a37650 elementor-widget elementor-widget-image\" data-id=\"2a37650\" data-element_type=\"widget\" data-e-type=\"widget\" data-widget_type=\"image.default\">\n\t\t\t\t\t\t\t\t\t\t\t\t\t\t\t\t<a href=\"https:\/\/louisegaudelette.com\/index.php\/janluk\/\">\n\t\t\t\t\t\t\t<img loading=\"lazy\" decoding=\"async\" width=\"1024\" height=\"688\" src=\"https:\/\/louisegaudelette.com\/wp-content\/uploads\/2025\/09\/janluk-1-1400px-v2-1024x688.webp\" class=\"attachment-large size-large wp-image-142\" alt=\"\" srcset=\"https:\/\/louisegaudelette.com\/wp-content\/uploads\/2025\/09\/janluk-1-1400px-v2-1024x688.webp 1024w, https:\/\/louisegaudelette.com\/wp-content\/uploads\/2025\/09\/janluk-1-1400px-v2-300x201.webp 300w, https:\/\/louisegaudelette.com\/wp-content\/uploads\/2025\/09\/janluk-1-1400px-v2-768x516.webp 768w, https:\/\/louisegaudelette.com\/wp-content\/uploads\/2025\/09\/janluk-1-1400px-v2.webp 1400w\" sizes=\"(max-width: 1024px) 100vw, 1024px\" \/>\t\t\t\t\t\t\t\t<\/a>\n\t\t\t\t\t\t\t\t\t\t\t\t\t\t\t<\/div>\n\t\t\t\t<\/div>\n\t\t<div class=\"elementor-element elementor-element-6fe4f2b e-con-full e-flex e-con e-child\" data-id=\"6fe4f2b\" data-element_type=\"container\" data-e-type=\"container\" data-settings=\"{&quot;background_background&quot;:&quot;classic&quot;}\">\n\t\t\t\t<div class=\"elementor-element elementor-element-531cf18 elementor-widget elementor-widget-image\" data-id=\"531cf18\" data-element_type=\"widget\" data-e-type=\"widget\" data-widget_type=\"image.default\">\n\t\t\t\t\t\t\t\t\t\t\t\t\t\t\t\t<a href=\"https:\/\/louisegaudelette.com\/index.php\/linstable-photographie\/\">\n\t\t\t\t\t\t\t<img loading=\"lazy\" decoding=\"async\" width=\"1024\" height=\"688\" src=\"https:\/\/louisegaudelette.com\/wp-content\/uploads\/2025\/10\/linstable-1-1400px-1024x688.webp\" class=\"attachment-large size-large wp-image-598\" alt=\"\" srcset=\"https:\/\/louisegaudelette.com\/wp-content\/uploads\/2025\/10\/linstable-1-1400px-1024x688.webp 1024w, https:\/\/louisegaudelette.com\/wp-content\/uploads\/2025\/10\/linstable-1-1400px-300x201.webp 300w, https:\/\/louisegaudelette.com\/wp-content\/uploads\/2025\/10\/linstable-1-1400px-768x516.webp 768w, https:\/\/louisegaudelette.com\/wp-content\/uploads\/2025\/10\/linstable-1-1400px.webp 1400w\" sizes=\"(max-width: 1024px) 100vw, 1024px\" \/>\t\t\t\t\t\t\t\t<\/a>\n\t\t\t\t\t\t\t\t\t\t\t\t\t\t\t<\/div>\n\t\t\t\t<\/div>\n\t\t<div class=\"elementor-element elementor-element-ed36216 e-con-full e-flex e-con e-child\" data-id=\"ed36216\" data-element_type=\"container\" data-e-type=\"container\" data-settings=\"{&quot;background_background&quot;:&quot;classic&quot;}\">\n\t\t\t\t<div class=\"elementor-element elementor-element-5a53f05 elementor-widget elementor-widget-image\" data-id=\"5a53f05\" data-element_type=\"widget\" data-e-type=\"widget\" data-widget_type=\"image.default\">\n\t\t\t\t\t\t\t\t\t\t\t\t\t\t\t\t<a href=\"https:\/\/louisegaudelette.com\/index.php\/neurons-peppers\/\">\n\t\t\t\t\t\t\t<img loading=\"lazy\" decoding=\"async\" width=\"1024\" height=\"688\" src=\"https:\/\/louisegaudelette.com\/wp-content\/uploads\/2025\/09\/np-1-1400pxwebp-1024x688.webp\" class=\"attachment-large size-large wp-image-125\" alt=\"\" srcset=\"https:\/\/louisegaudelette.com\/wp-content\/uploads\/2025\/09\/np-1-1400pxwebp-1024x688.webp 1024w, https:\/\/louisegaudelette.com\/wp-content\/uploads\/2025\/09\/np-1-1400pxwebp-300x201.webp 300w, https:\/\/louisegaudelette.com\/wp-content\/uploads\/2025\/09\/np-1-1400pxwebp-768x516.webp 768w, https:\/\/louisegaudelette.com\/wp-content\/uploads\/2025\/09\/np-1-1400pxwebp.webp 1400w\" sizes=\"(max-width: 1024px) 100vw, 1024px\" \/>\t\t\t\t\t\t\t\t<\/a>\n\t\t\t\t\t\t\t\t\t\t\t\t\t\t\t<\/div>\n\t\t\t\t<\/div>\n\t\t<div class=\"elementor-element elementor-element-c2765e3 e-con-full e-flex e-con e-child\" data-id=\"c2765e3\" data-element_type=\"container\" data-e-type=\"container\" data-settings=\"{&quot;background_background&quot;:&quot;classic&quot;}\">\n\t\t\t\t<div class=\"elementor-element elementor-element-511cda3 elementor-widget elementor-widget-image\" data-id=\"511cda3\" data-element_type=\"widget\" data-e-type=\"widget\" data-widget_type=\"image.default\">\n\t\t\t\t\t\t\t\t\t\t\t\t\t\t\t\t<a href=\"https:\/\/louisegaudelette.com\/index.php\/rencontres-darcheologie-de-la-narbonnaise\/\">\n\t\t\t\t\t\t\t<img loading=\"lazy\" decoding=\"async\" width=\"1024\" height=\"688\" src=\"https:\/\/louisegaudelette.com\/wp-content\/uploads\/2025\/09\/ran-1-1400px-1024x688.webp\" class=\"attachment-large size-large wp-image-182\" alt=\"\" srcset=\"https:\/\/louisegaudelette.com\/wp-content\/uploads\/2025\/09\/ran-1-1400px-1024x688.webp 1024w, https:\/\/louisegaudelette.com\/wp-content\/uploads\/2025\/09\/ran-1-1400px-300x201.webp 300w, https:\/\/louisegaudelette.com\/wp-content\/uploads\/2025\/09\/ran-1-1400px-768x516.webp 768w, https:\/\/louisegaudelette.com\/wp-content\/uploads\/2025\/09\/ran-1-1400px.webp 1400w\" sizes=\"(max-width: 1024px) 100vw, 1024px\" \/>\t\t\t\t\t\t\t\t<\/a>\n\t\t\t\t\t\t\t\t\t\t\t\t\t\t\t<\/div>\n\t\t\t\t<\/div>\n\t\t<div class=\"elementor-element elementor-element-15bc61d e-con-full e-flex e-con e-child\" data-id=\"15bc61d\" data-element_type=\"container\" data-e-type=\"container\" data-settings=\"{&quot;background_background&quot;:&quot;classic&quot;}\">\n\t\t\t\t<div class=\"elementor-element elementor-element-1152a3c elementor-widget elementor-widget-image\" data-id=\"1152a3c\" data-element_type=\"widget\" data-e-type=\"widget\" data-widget_type=\"image.default\">\n\t\t\t\t\t\t\t\t\t\t\t\t\t\t\t\t<a href=\"https:\/\/louisegaudelette.com\/index.php\/skila\/\">\n\t\t\t\t\t\t\t<img loading=\"lazy\" decoding=\"async\" width=\"1024\" height=\"688\" src=\"https:\/\/louisegaudelette.com\/wp-content\/uploads\/2025\/10\/skila-1-1400px-1-1024x688.webp\" class=\"attachment-large size-large wp-image-593\" alt=\"\" srcset=\"https:\/\/louisegaudelette.com\/wp-content\/uploads\/2025\/10\/skila-1-1400px-1-1024x688.webp 1024w, https:\/\/louisegaudelette.com\/wp-content\/uploads\/2025\/10\/skila-1-1400px-1-300x201.webp 300w, https:\/\/louisegaudelette.com\/wp-content\/uploads\/2025\/10\/skila-1-1400px-1-768x516.webp 768w, https:\/\/louisegaudelette.com\/wp-content\/uploads\/2025\/10\/skila-1-1400px-1.webp 1400w\" sizes=\"(max-width: 1024px) 100vw, 1024px\" \/>\t\t\t\t\t\t\t\t<\/a>\n\t\t\t\t\t\t\t\t\t\t\t\t\t\t\t<\/div>\n\t\t\t\t<\/div>\n\t\t<div class=\"elementor-element elementor-element-87c84f6 e-con-full e-flex e-con e-child\" data-id=\"87c84f6\" data-element_type=\"container\" data-e-type=\"container\" data-settings=\"{&quot;background_background&quot;:&quot;classic&quot;}\">\n\t\t\t\t<div class=\"elementor-element elementor-element-f58f75a elementor-widget elementor-widget-image\" data-id=\"f58f75a\" data-element_type=\"widget\" data-e-type=\"widget\" data-widget_type=\"image.default\">\n\t\t\t\t\t\t\t\t\t\t\t\t\t\t\t\t<a href=\"https:\/\/louisegaudelette.com\/index.php\/illustration-1\/\">\n\t\t\t\t\t\t\t<img loading=\"lazy\" decoding=\"async\" width=\"1024\" height=\"688\" src=\"https:\/\/louisegaudelette.com\/wp-content\/uploads\/2025\/10\/sans-titre-2.2-1400px-1024x688.webp\" class=\"attachment-large size-large wp-image-609\" alt=\"\" srcset=\"https:\/\/louisegaudelette.com\/wp-content\/uploads\/2025\/10\/sans-titre-2.2-1400px-1024x688.webp 1024w, https:\/\/louisegaudelette.com\/wp-content\/uploads\/2025\/10\/sans-titre-2.2-1400px-300x201.webp 300w, https:\/\/louisegaudelette.com\/wp-content\/uploads\/2025\/10\/sans-titre-2.2-1400px-768x516.webp 768w, https:\/\/louisegaudelette.com\/wp-content\/uploads\/2025\/10\/sans-titre-2.2-1400px.webp 1400w\" sizes=\"(max-width: 1024px) 100vw, 1024px\" \/>\t\t\t\t\t\t\t\t<\/a>\n\t\t\t\t\t\t\t\t\t\t\t\t\t\t\t<\/div>\n\t\t\t\t<\/div>\n\t\t<div class=\"elementor-element elementor-element-c6c0bef e-con-full e-flex e-con e-child\" data-id=\"c6c0bef\" data-element_type=\"container\" data-e-type=\"container\" data-settings=\"{&quot;background_background&quot;:&quot;classic&quot;}\">\n\t\t\t\t<div class=\"elementor-element elementor-element-f85a74e elementor-widget elementor-widget-image\" data-id=\"f85a74e\" data-element_type=\"widget\" data-e-type=\"widget\" data-widget_type=\"image.default\">\n\t\t\t\t\t\t\t\t\t\t\t\t\t\t\t\t<a href=\"https:\/\/louisegaudelette.com\/index.php\/illustration-2\/\">\n\t\t\t\t\t\t\t<img loading=\"lazy\" decoding=\"async\" width=\"1024\" height=\"688\" src=\"https:\/\/louisegaudelette.com\/wp-content\/uploads\/2025\/10\/sans-titre-1-1400px-1-1024x688.webp\" class=\"attachment-large size-large wp-image-562\" alt=\"\" srcset=\"https:\/\/louisegaudelette.com\/wp-content\/uploads\/2025\/10\/sans-titre-1-1400px-1-1024x688.webp 1024w, https:\/\/louisegaudelette.com\/wp-content\/uploads\/2025\/10\/sans-titre-1-1400px-1-300x201.webp 300w, https:\/\/louisegaudelette.com\/wp-content\/uploads\/2025\/10\/sans-titre-1-1400px-1-768x516.webp 768w, https:\/\/louisegaudelette.com\/wp-content\/uploads\/2025\/10\/sans-titre-1-1400px-1.webp 1400w\" sizes=\"(max-width: 1024px) 100vw, 1024px\" \/>\t\t\t\t\t\t\t\t<\/a>\n\t\t\t\t\t\t\t\t\t\t\t\t\t\t\t<\/div>\n\t\t\t\t<\/div>\n\t\t\t\t<\/div>\n\t\t\t\t<\/div>\n\t\t","protected":false},"excerpt":{"rendered":"<p>D\u00e9couvrez une s\u00e9lection de projets r\u00e9alis\u00e9s en freelance, en alternance, durant mes \u00e9tudes sup\u00e9rieures ou \u00e0 titre personnel.<\/p>\n","protected":false},"author":1,"featured_media":0,"parent":0,"menu_order":0,"comment_status":"closed","ping_status":"closed","template":"elementor_header_footer","meta":{"site-sidebar-layout":"no-sidebar","site-content-layout":"","ast-site-content-layout":"full-width-container","site-content-style":"default","site-sidebar-style":"default","ast-global-header-display":"","ast-banner-title-visibility":"","ast-main-header-display":"","ast-hfb-above-header-display":"","ast-hfb-below-header-display":"","ast-hfb-mobile-header-display":"","site-post-title":"","ast-breadcrumbs-content":"","ast-featured-img":"disabled","footer-sml-layout":"","theme-transparent-header-meta":"","adv-header-id-meta":"","stick-header-meta":"","header-above-stick-meta":"","header-main-stick-meta":"","header-below-stick-meta":"","astra-migrate-meta-layouts":"default","ast-page-background-enabled":"default","ast-page-background-meta":{"desktop":{"background-color":"var(--ast-global-color-5)","background-image":"","background-repeat":"repeat","background-position":"center center","background-size":"auto","background-attachment":"scroll","background-type":"","background-media":"","overlay-type":"","overlay-color":"","overlay-opacity":"","overlay-gradient":""},"tablet":{"background-color":"","background-image":"","background-repeat":"repeat","background-position":"center center","background-size":"auto","background-attachment":"scroll","background-type":"","background-media":"","overlay-type":"","overlay-color":"","overlay-opacity":"","overlay-gradient":""},"mobile":{"background-color":"","background-image":"","background-repeat":"repeat","background-position":"center center","background-size":"auto","background-attachment":"scroll","background-type":"","background-media":"","overlay-type":"","overlay-color":"","overlay-opacity":"","overlay-gradient":""}},"ast-content-background-meta":{"desktop":{"background-color":"var(--ast-global-color-4)","background-image":"","background-repeat":"repeat","background-position":"center center","background-size":"auto","background-attachment":"scroll","background-type":"","background-media":"","overlay-type":"","overlay-color":"","overlay-opacity":"","overlay-gradient":""},"tablet":{"background-color":"var(--ast-global-color-4)","background-image":"","background-repeat":"repeat","background-position":"center center","background-size":"auto","background-attachment":"scroll","background-type":"","background-media":"","overlay-type":"","overlay-color":"","overlay-opacity":"","overlay-gradient":""},"mobile":{"background-color":"var(--ast-global-color-4)","background-image":"","background-repeat":"repeat","background-position":"center center","background-size":"auto","background-attachment":"scroll","background-type":"","background-media":"","overlay-type":"","overlay-color":"","overlay-opacity":"","overlay-gradient":""}},"footnotes":""},"class_list":["post-256","page","type-page","status-publish","hentry"],"_links":{"self":[{"href":"https:\/\/louisegaudelette.com\/index.php\/wp-json\/wp\/v2\/pages\/256","targetHints":{"allow":["GET"]}}],"collection":[{"href":"https:\/\/louisegaudelette.com\/index.php\/wp-json\/wp\/v2\/pages"}],"about":[{"href":"https:\/\/louisegaudelette.com\/index.php\/wp-json\/wp\/v2\/types\/page"}],"author":[{"embeddable":true,"href":"https:\/\/louisegaudelette.com\/index.php\/wp-json\/wp\/v2\/users\/1"}],"replies":[{"embeddable":true,"href":"https:\/\/louisegaudelette.com\/index.php\/wp-json\/wp\/v2\/comments?post=256"}],"version-history":[{"count":127,"href":"https:\/\/louisegaudelette.com\/index.php\/wp-json\/wp\/v2\/pages\/256\/revisions"}],"predecessor-version":[{"id":1530,"href":"https:\/\/louisegaudelette.com\/index.php\/wp-json\/wp\/v2\/pages\/256\/revisions\/1530"}],"wp:attachment":[{"href":"https:\/\/louisegaudelette.com\/index.php\/wp-json\/wp\/v2\/media?parent=256"}],"curies":[{"name":"wp","href":"https:\/\/api.w.org\/{rel}","templated":true}]}}